{"id":74,"date":"2021-04-13T16:43:06","date_gmt":"2021-04-13T14:43:06","guid":{"rendered":"https:\/\/kidscourage.de\/?page_id=74"},"modified":"2022-04-07T16:15:01","modified_gmt":"2022-04-07T14:15:01","slug":"termine-neuigkeiten","status":"publish","type":"page","link":"https:\/\/www.kidscourage.de\/index.php\/termine-neuigkeiten\/","title":{"rendered":"Termine &#038; Neuigkeiten"},"content":{"rendered":"\n<h1 class=\"wp-block-heading\">Termine &amp; Neuigkeiten<\/h1>\n\n\n\n<figure class=\"wp-block-image size-full\"><img loading=\"lazy\" decoding=\"async\" width=\"2000\" height=\"800\" src=\"https:\/\/www.kidscourage.de\/wp-content\/uploads\/2022\/04\/22_04_01_illus8.png\" alt=\"\" class=\"wp-image-1455\" srcset=\"https:\/\/www.kidscourage.de\/wp-content\/uploads\/2022\/04\/22_04_01_illus8.png 2000w, https:\/\/www.kidscourage.de\/wp-content\/uploads\/2022\/04\/22_04_01_illus8-300x120.png 300w, https:\/\/www.kidscourage.de\/wp-content\/uploads\/2022\/04\/22_04_01_illus8-1024x410.png 1024w, https:\/\/www.kidscourage.de\/wp-content\/uploads\/2022\/04\/22_04_01_illus8-768x307.png 768w, https:\/\/www.kidscourage.de\/wp-content\/uploads\/2022\/04\/22_04_01_illus8-1536x614.png 1536w\" sizes=\"auto, (max-width: 2000px) 100vw, 2000px\" \/><\/figure>\n\n\n\n<p>Du hast Lust als Teamer*in bei KidsCourage aktiv zu werden, oder bist schon aktiv dabei? M\u00f6chtest du einen \u00dcberblick \u00fcber unsere anstehende Termine behalten? Dann schaue die unsere Blogposts mit den neusten Terminen &amp; Neuigkeiten im Projekt an!<\/p>\n\n\n\n\t\t\t<div class=\"wp-block-uagb-post-masonry uagb-post-grid  uagb-post__image-position-top uagb-post__image-enabled uagb-block-37b17adc     uagb-post__items uagb-post__columns-2 is-masonry uagb-post__columns-tablet-2 uagb-post__columns-mobile-1\" data-total=\"1\" style=\"\">\n\n\t\t\t\t\t\t\t\t\t\t\t\t<article class=\"uagb-post__inner-wrap\">\t\t\t\t\t\t\t\t<div class='uagb-post__image'>\n\t\t\t\t\t\t\t\t\t<a href=\"https:\/\/www.kidscourage.de\/index.php\/2024\/02\/01\/stellenausschreibung-mini-job-2\/\" target=\"_self\" rel=\"bookmark noopener noreferrer\"><img loading=\"lazy\" decoding=\"async\" width=\"1024\" height=\"478\" src=\"https:\/\/www.kidscourage.de\/wp-content\/uploads\/2023\/02\/stellenasuschfreingn-1024x478.png\" class=\"attachment-large size-large\" alt=\"\" srcset=\"https:\/\/www.kidscourage.de\/wp-content\/uploads\/2023\/02\/stellenasuschfreingn-1024x478.png 1024w, https:\/\/www.kidscourage.de\/wp-content\/uploads\/2023\/02\/stellenasuschfreingn-300x140.png 300w, https:\/\/www.kidscourage.de\/wp-content\/uploads\/2023\/02\/stellenasuschfreingn-768x358.png 768w, https:\/\/www.kidscourage.de\/wp-content\/uploads\/2023\/02\/stellenasuschfreingn-1536x717.png 1536w, https:\/\/www.kidscourage.de\/wp-content\/uploads\/2023\/02\/stellenasuschfreingn-2048x955.png 2048w\" sizes=\"auto, (max-width: 1024px) 100vw, 1024px\" \/>\t\t\t\t\t<\/a>\n\t\t\t\t\t\t\t\t\t<\/div>\n\t\t\t\t\t\t<h6 class=\"uagb-post__title uagb-post__text\">\n\t\t\t\t<a href=\"https:\/\/www.kidscourage.de\/index.php\/2024\/02\/01\/stellenausschreibung-mini-job-2\/\" target=\"_self\" rel=\"bookmark noopener noreferrer\">Stellenausschreibung (Mini-Job)<\/a>\n\t\t\t<\/h6>\n\t\t\t\t\t\t<div class='uagb-post__text uagb-post-grid-byline'>\n\t\t\t\t\t\t\t<\/div>\n\t\t\t\t\t\t\t<div class='uagb-post__text uagb-post__excerpt'>\n\t\t\t\t\t<p>MINI-JOB \u2013 BEFRISTET BIS 31.12.2024 MIT AUSSICHT AUF VERL\u00c4NGERUNG KidsCourage sucht eine Projektmitarbeiter:in auf Mini-Job-Basis&#8230;\t\t\t\t<\/div>\n\t\t\t\t\t\t<div class=\"uagb-post__text uagb-post__cta wp-block-button\">\n\t\t\t\t<a class=\"wp-block-button__link uagb-text-link\" style=\"\" href=\"https:\/\/www.kidscourage.de\/index.php\/2024\/02\/01\/stellenausschreibung-mini-job-2\/\" target=\"_self\" rel=\"bookmark noopener noreferrer\">Weiterlesen<\/a>\n\t\t\t<\/div>\n\t\t\t\n\t\t\t\t\t\t\t\t\t<\/article>\n\t\t\t\t\t\t\t\t\t\t\t\t\t\t\t\t<article class=\"uagb-post__inner-wrap\">\t\t\t\t\t\t\t\t<div class='uagb-post__image'>\n\t\t\t\t\t\t\t\t\t<a href=\"https:\/\/www.kidscourage.de\/index.php\/2023\/09\/28\/stellenausschreibung-mini-job\/\" target=\"_self\" rel=\"bookmark noopener noreferrer\"><img loading=\"lazy\" decoding=\"async\" width=\"1024\" height=\"478\" src=\"https:\/\/www.kidscourage.de\/wp-content\/uploads\/2023\/02\/stellenasuschfreingn-1024x478.png\" class=\"attachment-large size-large\" alt=\"\" srcset=\"https:\/\/www.kidscourage.de\/wp-content\/uploads\/2023\/02\/stellenasuschfreingn-1024x478.png 1024w, https:\/\/www.kidscourage.de\/wp-content\/uploads\/2023\/02\/stellenasuschfreingn-300x140.png 300w, https:\/\/www.kidscourage.de\/wp-content\/uploads\/2023\/02\/stellenasuschfreingn-768x358.png 768w, https:\/\/www.kidscourage.de\/wp-content\/uploads\/2023\/02\/stellenasuschfreingn-1536x717.png 1536w, https:\/\/www.kidscourage.de\/wp-content\/uploads\/2023\/02\/stellenasuschfreingn-2048x955.png 2048w\" sizes=\"auto, (max-width: 1024px) 100vw, 1024px\" \/>\t\t\t\t\t<\/a>\n\t\t\t\t\t\t\t\t\t<\/div>\n\t\t\t\t\t\t<h6 class=\"uagb-post__title uagb-post__text\">\n\t\t\t\t<a href=\"https:\/\/www.kidscourage.de\/index.php\/2023\/09\/28\/stellenausschreibung-mini-job\/\" target=\"_self\" rel=\"bookmark noopener noreferrer\">Stellenausschreibung (Mini-Job)<\/a>\n\t\t\t<\/h6>\n\t\t\t\t\t\t<div class='uagb-post__text uagb-post-grid-byline'>\n\t\t\t\t\t\t\t<\/div>\n\t\t\t\t\t\t\t<div class='uagb-post__text uagb-post__excerpt'>\n\t\t\t\t\t<p>MINI-JOB \u2013 BEFRISTET BIS 31.12.2023 MIT AUSSICHT AUF VERL\u00c4NGERUNG KidsCourage sucht eine Projektmitarbeiter:in auf Mini-Job-Basis&#8230;\t\t\t\t<\/div>\n\t\t\t\t\t\t<div class=\"uagb-post__text uagb-post__cta wp-block-button\">\n\t\t\t\t<a class=\"wp-block-button__link uagb-text-link\" style=\"\" href=\"https:\/\/www.kidscourage.de\/index.php\/2023\/09\/28\/stellenausschreibung-mini-job\/\" target=\"_self\" rel=\"bookmark noopener noreferrer\">Weiterlesen<\/a>\n\t\t\t<\/div>\n\t\t\t\n\t\t\t\t\t\t\t\t\t<\/article>\n\t\t\t\t\t\t\t\t\t\t\t\t\t\t\t\t<article class=\"uagb-post__inner-wrap\">\t\t\t\t\t\t\t\t<h6 class=\"uagb-post__title uagb-post__text\">\n\t\t\t\t<a href=\"https:\/\/www.kidscourage.de\/index.php\/2022\/08\/18\/teamfahrt-2022\/\" target=\"_self\" rel=\"bookmark noopener noreferrer\">Termin: Teamfahrt zum Thema &#8222;Einf\u00fchrung Projekttag A &#038; Adultismus&#8220;<\/a>\n\t\t\t<\/h6>\n\t\t\t\t\t\t<div class='uagb-post__text uagb-post-grid-byline'>\n\t\t\t\t\t\t\t<\/div>\n\t\t\t\t\t\t\t<div class='uagb-post__text uagb-post__excerpt'>\n\t\t\t\t\t<p>Um was geht\u00b4s? Methodenschulung Projekttag A &#8222;Anderssein gewinnt!&#8220; Vom 21.-23. Oktober 2022 m\u00f6chten wir euch&#8230;\t\t\t\t<\/div>\n\t\t\t\t\t\t<div class=\"uagb-post__text uagb-post__cta wp-block-button\">\n\t\t\t\t<a class=\"wp-block-button__link uagb-text-link\" style=\"\" href=\"https:\/\/www.kidscourage.de\/index.php\/2022\/08\/18\/teamfahrt-2022\/\" target=\"_self\" rel=\"bookmark noopener noreferrer\">Weiterlesen<\/a>\n\t\t\t<\/div>\n\t\t\t\n\t\t\t\t\t\t\t\t\t<\/article>\n\t\t\t\t\t\t\t\t\t\t\t\t\t\t\t\t<article class=\"uagb-post__inner-wrap\">\t\t\t\t\t\t\t\t<div class='uagb-post__image'>\n\t\t\t\t\t\t\t\t\t<a href=\"https:\/\/www.kidscourage.de\/index.php\/2022\/08\/18\/teamschulung-gender\/\" target=\"_self\" rel=\"bookmark noopener noreferrer\"><img loading=\"lazy\" decoding=\"async\" width=\"1000\" height=\"400\" src=\"https:\/\/www.kidscourage.de\/wp-content\/uploads\/2022\/08\/vorlage_post_header.png\" class=\"attachment-large size-large\" alt=\"\" srcset=\"https:\/\/www.kidscourage.de\/wp-content\/uploads\/2022\/08\/vorlage_post_header.png 1000w, https:\/\/www.kidscourage.de\/wp-content\/uploads\/2022\/08\/vorlage_post_header-300x120.png 300w, https:\/\/www.kidscourage.de\/wp-content\/uploads\/2022\/08\/vorlage_post_header-768x307.png 768w\" sizes=\"auto, (max-width: 1000px) 100vw, 1000px\" \/>\t\t\t\t\t<\/a>\n\t\t\t\t\t\t\t\t\t<\/div>\n\t\t\t\t\t\t<h6 class=\"uagb-post__title uagb-post__text\">\n\t\t\t\t<a href=\"https:\/\/www.kidscourage.de\/index.php\/2022\/08\/18\/teamschulung-gender\/\" target=\"_self\" rel=\"bookmark noopener noreferrer\">Termin: Teamfortbildung zum Thema Gender mit i-p\u00e4d<\/a>\n\t\t\t<\/h6>\n\t\t\t\t\t\t<div class='uagb-post__text uagb-post-grid-byline'>\n\t\t\t\t\t\t\t<\/div>\n\t\t\t\t\t\t\t<div class='uagb-post__text uagb-post__excerpt'>\n\t\t\t\t\t<p>Um was geht\u00b4s? Im Mai 2022 haben wir bereits eine Methodenschulung zu unserem neuen Projekttag&#8230;\t\t\t\t<\/div>\n\t\t\t\t\t\t<div class=\"uagb-post__text uagb-post__cta wp-block-button\">\n\t\t\t\t<a class=\"wp-block-button__link uagb-text-link\" style=\"\" href=\"https:\/\/www.kidscourage.de\/index.php\/2022\/08\/18\/teamschulung-gender\/\" target=\"_self\" rel=\"bookmark noopener noreferrer\">Weiterlesen<\/a>\n\t\t\t<\/div>\n\t\t\t\n\t\t\t\t\t\t\t\t\t<\/article>\n\t\t\t\t\t\t\t\t\t\t\t\t\t\t\t\t<article class=\"uagb-post__inner-wrap\">\t\t\t\t\t\t\t\t<div class='uagb-post__image'>\n\t\t\t\t\t\t\t\t\t<a href=\"https:\/\/www.kidscourage.de\/index.php\/2022\/04\/26\/termin-kidscourage-teamschulung\/\" target=\"_self\" rel=\"bookmark noopener noreferrer\"><img loading=\"lazy\" decoding=\"async\" width=\"1000\" height=\"400\" src=\"https:\/\/www.kidscourage.de\/wp-content\/uploads\/2022\/04\/labobi21.jpg\" class=\"attachment-large size-large\" alt=\"\" srcset=\"https:\/\/www.kidscourage.de\/wp-content\/uploads\/2022\/04\/labobi21.jpg 1000w, https:\/\/www.kidscourage.de\/wp-content\/uploads\/2022\/04\/labobi21-300x120.jpg 300w, https:\/\/www.kidscourage.de\/wp-content\/uploads\/2022\/04\/labobi21-768x307.jpg 768w\" sizes=\"auto, (max-width: 1000px) 100vw, 1000px\" \/>\t\t\t\t\t<\/a>\n\t\t\t\t\t\t\t\t\t<\/div>\n\t\t\t\t\t\t<h6 class=\"uagb-post__title uagb-post__text\">\n\t\t\t\t<a href=\"https:\/\/www.kidscourage.de\/index.php\/2022\/04\/26\/termin-kidscourage-teamschulung\/\" target=\"_self\" rel=\"bookmark noopener noreferrer\">Termin: KidsCourage-Methodenschulung<\/a>\n\t\t\t<\/h6>\n\t\t\t\t\t\t<div class='uagb-post__text uagb-post-grid-byline'>\n\t\t\t\t\t\t\t<\/div>\n\t\t\t\t\t\t\t<div class='uagb-post__text uagb-post__excerpt'>\n\t\t\t\t\t<p>KIDSCOURAGE-METHODENSCHULUNG MAI 2022 ZUM PROJEKTTAG \u201eWER SAGT, DASS ICH ROSA MAG?\u201c UM WAS GEHT\u00b4S? KidsCourage&#8230;\t\t\t\t<\/div>\n\t\t\t\t\t\t<div class=\"uagb-post__text uagb-post__cta wp-block-button\">\n\t\t\t\t<a class=\"wp-block-button__link uagb-text-link\" style=\"\" href=\"https:\/\/www.kidscourage.de\/index.php\/2022\/04\/26\/termin-kidscourage-teamschulung\/\" target=\"_self\" rel=\"bookmark noopener noreferrer\">Weiterlesen<\/a>\n\t\t\t<\/div>\n\t\t\t\n\t\t\t\t\t\t\t\t\t<\/article>\n\t\t\t\t\t\t\t\t\t\t\t\t\t\t\t\t<article class=\"uagb-post__inner-wrap\">\t\t\t\t\t\t\t\t<div class='uagb-post__image'>\n\t\t\t\t\t\t\t\t\t<a href=\"https:\/\/www.kidscourage.de\/index.php\/2022\/04\/25\/termin-kidscourage-x-kiritsche-treffen-der-falken-berlin\/\" target=\"_self\" rel=\"bookmark noopener noreferrer\"><img loading=\"lazy\" decoding=\"async\" width=\"1000\" height=\"400\" src=\"https:\/\/www.kidscourage.de\/wp-content\/uploads\/2022\/04\/vorlage_post_header21.jpg\" class=\"attachment-large size-large\" alt=\"\" srcset=\"https:\/\/www.kidscourage.de\/wp-content\/uploads\/2022\/04\/vorlage_post_header21.jpg 1000w, https:\/\/www.kidscourage.de\/wp-content\/uploads\/2022\/04\/vorlage_post_header21-300x120.jpg 300w, https:\/\/www.kidscourage.de\/wp-content\/uploads\/2022\/04\/vorlage_post_header21-768x307.jpg 768w\" sizes=\"auto, (max-width: 1000px) 100vw, 1000px\" \/>\t\t\t\t\t<\/a>\n\t\t\t\t\t\t\t\t\t<\/div>\n\t\t\t\t\t\t<h6 class=\"uagb-post__title uagb-post__text\">\n\t\t\t\t<a href=\"https:\/\/www.kidscourage.de\/index.php\/2022\/04\/25\/termin-kidscourage-x-kiritsche-treffen-der-falken-berlin\/\" target=\"_self\" rel=\"bookmark noopener noreferrer\">Termin: KidsCourage x Kritische Treffen der Falken Berlin<\/a>\n\t\t\t<\/h6>\n\t\t\t\t\t\t<div class='uagb-post__text uagb-post-grid-byline'>\n\t\t\t\t\t\t\t<\/div>\n\t\t\t\t\t\t\t<div class='uagb-post__text uagb-post__excerpt'>\n\t\t\t\t\t<p>KidsCourage x Kritische Treffen der Falken Berlin Hast du Lust in die politische Bildungsarbeit mit&#8230;\t\t\t\t<\/div>\n\t\t\t\t\t\t<div class=\"uagb-post__text uagb-post__cta wp-block-button\">\n\t\t\t\t<a class=\"wp-block-button__link uagb-text-link\" style=\"\" href=\"https:\/\/www.kidscourage.de\/index.php\/2022\/04\/25\/termin-kidscourage-x-kiritsche-treffen-der-falken-berlin\/\" target=\"_self\" rel=\"bookmark noopener noreferrer\">Weiterlesen<\/a>\n\t\t\t<\/div>\n\t\t\t\n\t\t\t\t\t\t\t\t\t<\/article>\n\t\t\t\t\t\t\t\t\t\t\t\t\t\t\t\t<article class=\"uagb-post__inner-wrap\">\t\t\t\t\t\t\t\t<div class='uagb-post__image'>\n\t\t\t\t\t\t\t\t\t<a href=\"https:\/\/www.kidscourage.de\/index.php\/2022\/03\/16\/information-falken-berlin\/\" target=\"_self\" rel=\"bookmark noopener noreferrer\"><img loading=\"lazy\" decoding=\"async\" width=\"1000\" height=\"400\" src=\"https:\/\/www.kidscourage.de\/wp-content\/uploads\/2022\/02\/22_13_16_post_header12.png\" class=\"attachment-large size-large\" alt=\"\" srcset=\"https:\/\/www.kidscourage.de\/wp-content\/uploads\/2022\/02\/22_13_16_post_header12.png 1000w, https:\/\/www.kidscourage.de\/wp-content\/uploads\/2022\/02\/22_13_16_post_header12-300x120.png 300w, https:\/\/www.kidscourage.de\/wp-content\/uploads\/2022\/02\/22_13_16_post_header12-768x307.png 768w\" sizes=\"auto, (max-width: 1000px) 100vw, 1000px\" \/>\t\t\t\t\t<\/a>\n\t\t\t\t\t\t\t\t\t<\/div>\n\t\t\t\t\t\t<h6 class=\"uagb-post__title uagb-post__text\">\n\t\t\t\t<a href=\"https:\/\/www.kidscourage.de\/index.php\/2022\/03\/16\/information-falken-berlin\/\" target=\"_self\" rel=\"bookmark noopener noreferrer\">Information: Falken Berlin<\/a>\n\t\t\t<\/h6>\n\t\t\t\t\t\t<div class='uagb-post__text uagb-post-grid-byline'>\n\t\t\t\t\t\t\t<\/div>\n\t\t\t\t\t\t\t<div class='uagb-post__text uagb-post__excerpt'>\n\t\t\t\t\t<p>Die Falken Berlin Wir Falken sind ein Kinder- und Jugendverband, der sich f\u00fcr die Interessen&#8230;\t\t\t\t<\/div>\n\t\t\t\t\t\t<div class=\"uagb-post__text uagb-post__cta wp-block-button\">\n\t\t\t\t<a class=\"wp-block-button__link uagb-text-link\" style=\"\" href=\"https:\/\/www.kidscourage.de\/index.php\/2022\/03\/16\/information-falken-berlin\/\" target=\"_self\" rel=\"bookmark noopener noreferrer\">Weiterlesen<\/a>\n\t\t\t<\/div>\n\t\t\t\n\t\t\t\t\t\t\t\t\t<\/article>\n\t\t\t\t\t\t\t\t\t\t\t\t\t\t\t\t<article class=\"uagb-post__inner-wrap\">\t\t\t\t\t\t\t\t<div class='uagb-post__image'>\n\t\t\t\t\t\t\t\t\t<a href=\"https:\/\/www.kidscourage.de\/index.php\/2022\/02\/25\/news-alternatives-projekttagsangebot-in-der-corona-pandemie\/\" target=\"_self\" rel=\"bookmark noopener noreferrer\"><img loading=\"lazy\" decoding=\"async\" width=\"1000\" height=\"400\" src=\"https:\/\/www.kidscourage.de\/wp-content\/uploads\/2022\/02\/22_13_16_post_header10.png\" class=\"attachment-large size-large\" alt=\"\" srcset=\"https:\/\/www.kidscourage.de\/wp-content\/uploads\/2022\/02\/22_13_16_post_header10.png 1000w, https:\/\/www.kidscourage.de\/wp-content\/uploads\/2022\/02\/22_13_16_post_header10-300x120.png 300w, https:\/\/www.kidscourage.de\/wp-content\/uploads\/2022\/02\/22_13_16_post_header10-768x307.png 768w\" sizes=\"auto, (max-width: 1000px) 100vw, 1000px\" \/>\t\t\t\t\t<\/a>\n\t\t\t\t\t\t\t\t\t<\/div>\n\t\t\t\t\t\t<h6 class=\"uagb-post__title uagb-post__text\">\n\t\t\t\t<a href=\"https:\/\/www.kidscourage.de\/index.php\/2022\/02\/25\/news-alternatives-projekttagsangebot-in-der-corona-pandemie\/\" target=\"_self\" rel=\"bookmark noopener noreferrer\">News: alternatives Projekttagsangebot in der Corona-Pandemie<\/a>\n\t\t\t<\/h6>\n\t\t\t\t\t\t<div class='uagb-post__text uagb-post-grid-byline'>\n\t\t\t\t\t\t\t<\/div>\n\t\t\t\t\t\t\t<div class='uagb-post__text uagb-post__excerpt'>\n\t\t\t\t\t<p>UNSER ALTERNATIVES PROJEKTTAGSANGEBOT IN DER CORONA-PANDEMIE Aufgrund der derzeitigen Corona-Pandemie und der aktuell unsicheren Lage&#8230;\t\t\t\t<\/div>\n\t\t\t\t\t\t<div class=\"uagb-post__text uagb-post__cta wp-block-button\">\n\t\t\t\t<a class=\"wp-block-button__link uagb-text-link\" style=\"\" href=\"https:\/\/www.kidscourage.de\/index.php\/2022\/02\/25\/news-alternatives-projekttagsangebot-in-der-corona-pandemie\/\" target=\"_self\" rel=\"bookmark noopener noreferrer\">Weiterlesen<\/a>\n\t\t\t<\/div>\n\t\t\t\n\t\t\t\t\t\t\t\t\t<\/article>\n\t\t\t\t\t\t\t\t\t\t\t<\/div>\n\t\t\t","protected":false},"excerpt":{"rendered":"<p>Termine &amp; Neuigkeiten Du hast Lust als Teamer*in bei KidsCourage aktiv zu werden, oder bist schon aktiv dabei? M\u00f6chtest du einen \u00dcberblick \u00fcber unsere anstehende Termine behalten? Dann schaue die unsere Blogposts mit den neusten Terminen &amp; Neuigkeiten im Projekt an!<\/p>\n","protected":false},"author":2,"featured_media":0,"parent":0,"menu_order":0,"comment_status":"closed","ping_status":"closed","template":"","meta":{"_uag_custom_page_level_css":"","footnotes":""},"class_list":["post-74","page","type-page","status-publish","hentry","entry"],"uagb_featured_image_src":{"full":false,"thumbnail":false,"medium":false,"medium_large":false,"large":false,"1536x1536":false,"2048x2048":false,"ocean-thumb-m":false,"ocean-thumb-ml":false,"ocean-thumb-l":false},"uagb_author_info":{"display_name":"courage-admin","author_link":"https:\/\/www.kidscourage.de\/index.php\/author\/courage-admin\/"},"uagb_comment_info":0,"uagb_excerpt":"Termine &amp; Neuigkeiten Du hast Lust als Teamer*in bei KidsCourage aktiv zu werden, oder bist schon aktiv dabei? M\u00f6chtest du einen \u00dcberblick \u00fcber unsere anstehende Termine behalten? Dann schaue die unsere Blogposts mit den neusten Terminen &amp; Neuigkeiten im Projekt an!","_links":{"self":[{"href":"https:\/\/www.kidscourage.de\/index.php\/wp-json\/wp\/v2\/pages\/74","targetHints":{"allow":["GET"]}}],"collection":[{"href":"https:\/\/www.kidscourage.de\/index.php\/wp-json\/wp\/v2\/pages"}],"about":[{"href":"https:\/\/www.kidscourage.de\/index.php\/wp-json\/wp\/v2\/types\/page"}],"author":[{"embeddable":true,"href":"https:\/\/www.kidscourage.de\/index.php\/wp-json\/wp\/v2\/users\/2"}],"replies":[{"embeddable":true,"href":"https:\/\/www.kidscourage.de\/index.php\/wp-json\/wp\/v2\/comments?post=74"}],"version-history":[{"count":4,"href":"https:\/\/www.kidscourage.de\/index.php\/wp-json\/wp\/v2\/pages\/74\/revisions"}],"predecessor-version":[{"id":1483,"href":"https:\/\/www.kidscourage.de\/index.php\/wp-json\/wp\/v2\/pages\/74\/revisions\/1483"}],"wp:attachment":[{"href":"https:\/\/www.kidscourage.de\/index.php\/wp-json\/wp\/v2\/media?parent=74"}],"curies":[{"name":"wp","href":"https:\/\/api.w.org\/{rel}","templated":true}]}}