{"id":66,"date":"2021-04-13T16:39:36","date_gmt":"2021-04-13T14:39:36","guid":{"rendered":"https:\/\/kidscourage.de\/?page_id=66"},"modified":"2022-10-20T11:27:04","modified_gmt":"2022-10-20T09:27:04","slug":"kidscourage-kommt-in-eure-klassen","status":"publish","type":"page","link":"https:\/\/www.kidscourage.de\/index.php\/kidscourage-kommt-in-eure-klassen\/","title":{"rendered":"KidsCourage kommt in Deine Klasse(n)!"},"content":{"rendered":"\n<h1 class=\"wp-block-heading\">KidsCourage kommt in Deine Klasse(n)!<\/h1>\n\n\n\n<figure class=\"wp-block-image size-full\"><img loading=\"lazy\" decoding=\"async\" width=\"2000\" height=\"800\" src=\"https:\/\/www.kidscourage.de\/wp-content\/uploads\/2022\/04\/22_04_01_illus5.png\" alt=\"\" class=\"wp-image-1466\" srcset=\"https:\/\/www.kidscourage.de\/wp-content\/uploads\/2022\/04\/22_04_01_illus5.png 2000w, https:\/\/www.kidscourage.de\/wp-content\/uploads\/2022\/04\/22_04_01_illus5-300x120.png 300w, https:\/\/www.kidscourage.de\/wp-content\/uploads\/2022\/04\/22_04_01_illus5-1024x410.png 1024w, https:\/\/www.kidscourage.de\/wp-content\/uploads\/2022\/04\/22_04_01_illus5-768x307.png 768w, https:\/\/www.kidscourage.de\/wp-content\/uploads\/2022\/04\/22_04_01_illus5-1536x614.png 1536w\" sizes=\"auto, (max-width: 2000px) 100vw, 2000px\" \/><\/figure>\n\n\n\n<h4 class=\"wp-block-heading\">UNSERE PROJEKTTAGE<\/h4>\n\n\n\n<p>Unsere Projekttage vermitteln den Grundsch\u00fcler*innen ihre Kinderrechte, wobei aber ihr besonderes Recht auf Nichtdiskriminierung (Artikel 2, UN-Kinderrechtskonvention) im Fokus steht. Die Projekttage best\u00e4rken die Kinder in ihrem&nbsp;<strong>Selbstbewusstsein<\/strong>, regen dazu an,&nbsp;<strong>Respekt f\u00fcr Vielfalt<\/strong>&nbsp;zu entwickeln, sensibilisieren sie f\u00fcr&nbsp;<strong>eigenes vorurteilsbehaftetes und diskriminierendes Verhalten&nbsp;<\/strong>und motivieren sie,&nbsp;<strong>gegen gesellschaftliche Ungleichbehandlung aktiv<\/strong>&nbsp;zu werden.<\/p>\n\n\n\n<p>So verl\u00e4uft ein Projekttag mit KidsCourage:<\/p>\n\n\n\n<ul class=\"wp-block-list\"><li>Zwei gut ausgebildete Teamer*innen gestalten einen Schultag (5,5 Unterrichtsstunden) mit Deiner Klasse.<\/li><li>Die Sch\u00fcler*innen lernen die UN-Kinderrechtskonvention und ihre dazugeh\u00f6rigen Rechte kennen. <\/li><li>Die Sch\u00fcler*innen \u00fcberpr\u00fcfen das Kinderrecht auf seine direkte Umsetzung\u00a0und Einhaltung vor dem Hintergrund ihrer eigenen Erfahrungen.<\/li><li>Den Schwerpunkt stellt dabei ihr besonderes Recht auf Nicht-Diskriminierung dar.<\/li><li>Die Sch\u00fcler*innen setzen sich spielerisch und handlungsorientiert mit den Inhalten auseinander.<\/li><li>Am Ende des Projekttages steht ggf. eine gemeinsame\u00a0Aktion, die \u00fcber das ausgew\u00e4hlte Kinderrecht\u00a0informiert und zum weiteren Handeln anregen soll.<\/li><li>Unsere Projekttage werden ohne Anwesenheit von Lehrkr\u00e4ften und anderen p\u00e4dagogischen Fachpersonal durchgef\u00fchrt. Es gibt Ausnahmen, bei Fragen dazu komme gerne auf uns zu.<\/li><\/ul>\n\n\n\n<figure class=\"wp-block-image size-large\"><img loading=\"lazy\" decoding=\"async\" width=\"1024\" height=\"14\" src=\"https:\/\/kidscourage.de\/wp-content\/uploads\/2021\/05\/divider_tabelle_2-1024x14.png\" alt=\"\" class=\"wp-image-635\" srcset=\"https:\/\/www.kidscourage.de\/wp-content\/uploads\/2021\/05\/divider_tabelle_2-1024x14.png 1024w, https:\/\/www.kidscourage.de\/wp-content\/uploads\/2021\/05\/divider_tabelle_2-300x4.png 300w, https:\/\/www.kidscourage.de\/wp-content\/uploads\/2021\/05\/divider_tabelle_2-768x10.png 768w, https:\/\/www.kidscourage.de\/wp-content\/uploads\/2021\/05\/divider_tabelle_2-1536x20.png 1536w, https:\/\/www.kidscourage.de\/wp-content\/uploads\/2021\/05\/divider_tabelle_2-2048x27.png 2048w\" sizes=\"auto, (max-width: 1024px) 100vw, 1024px\" \/><\/figure>\n\n\n\n<p>Mehr Informationen zu unseren Projektagen bekommst Du&nbsp;hier:<\/p>\n\n\n\n\t\t\t<div class=\"wp-block-uagb-post-grid uagb-post-grid  uagb-post__image-position-top uagb-post__image-enabled uagb-block-4f04b513     uagb-post__items uagb-post__columns-2 is-grid uagb-post__columns-tablet-2 uagb-post__columns-mobile-1 uagb-post__equal-height\" data-total=\"1\" style=\"\">\n\n\t\t\t\t\t\t\t\t\t\t\t\t<article class=\"uagb-post__inner-wrap\">\t\t\t\t\t\t\t\t<div class='uagb-post__image'>\n\t\t\t\t\t\t\t\t\t<a href=\"https:\/\/www.kidscourage.de\/index.php\/2022\/08\/18\/projekttag-g\/\" target=\"_self\" rel=\"bookmark noopener noreferrer\" class='uagb-image-ratio-inherit'><img loading=\"lazy\" decoding=\"async\" width=\"1024\" height=\"579\" src=\"https:\/\/www.kidscourage.de\/wp-content\/uploads\/2022\/04\/icon_2_zu_1-1024x579.png\" class=\"attachment-large size-large\" alt=\"\" srcset=\"https:\/\/www.kidscourage.de\/wp-content\/uploads\/2022\/04\/icon_2_zu_1-1024x579.png 1024w, https:\/\/www.kidscourage.de\/wp-content\/uploads\/2022\/04\/icon_2_zu_1-300x170.png 300w, https:\/\/www.kidscourage.de\/wp-content\/uploads\/2022\/04\/icon_2_zu_1-768x434.png 768w, https:\/\/www.kidscourage.de\/wp-content\/uploads\/2022\/04\/icon_2_zu_1-1536x869.png 1536w, https:\/\/www.kidscourage.de\/wp-content\/uploads\/2022\/04\/icon_2_zu_1.png 1811w\" sizes=\"auto, (max-width: 1024px) 100vw, 1024px\" \/>\t\t\t\t\t<\/a>\n\t\t\t\t\t\t\t<\/div>\n\t\t\t\t\t\t<h6 class=\"uagb-post__title uagb-post__text\">\n\t\t\t\t<a href=\"https:\/\/www.kidscourage.de\/index.php\/2022\/08\/18\/projekttag-g\/\" target=\"_self\" rel=\"bookmark noopener noreferrer\">NEU: Projekttag G &#8211; Wer sagt, dass ich Rosa mag!<\/a>\n\t\t\t<\/h6>\n\t\t\t\t\t\t<div class='uagb-post__text uagb-post-grid-byline'>\n\t\t\t\t\t\t\t<\/div>\n\t\t\t\t\t\t\t<div class='uagb-post__text uagb-post__excerpt'>\n\t\t\t\t\t<p>Durch methodische Spiele lernen die Sch\u00fcler*innen kindgerecht gesellschaftliche Rollenbilder zum Thema \u201eGeschlecht\u201c und \u201eGender\u201c zu&#8230;\t\t\t\t<\/div>\n\t\t\t\t\t\t<div class=\"uagb-post__text uagb-post__cta wp-block-button\">\n\t\t\t\t<a class=\"wp-block-button__link uagb-text-link\" style=\"\" href=\"https:\/\/www.kidscourage.de\/index.php\/2022\/08\/18\/projekttag-g\/\" target=\"_self\" rel=\"bookmark noopener noreferrer\">Weiterlesen<\/a>\n\t\t\t<\/div>\n\t\t\t\n\t\t\t\t\t\t\t\t\t<\/article>\n\t\t\t\t\t\t\t\t\t\t\t\t\t\t\t\t<article class=\"uagb-post__inner-wrap\">\t\t\t\t\t\t\t\t<div class='uagb-post__image'>\n\t\t\t\t\t\t\t\t\t<a href=\"https:\/\/www.kidscourage.de\/index.php\/2021\/04\/13\/projekttag-f\/\" target=\"_self\" rel=\"bookmark noopener noreferrer\" class='uagb-image-ratio-inherit'><img loading=\"lazy\" decoding=\"async\" width=\"1024\" height=\"740\" src=\"https:\/\/www.kidscourage.de\/wp-content\/uploads\/2022\/04\/icon_3_zu_28-1024x740.png\" class=\"attachment-large size-large\" alt=\"\" srcset=\"https:\/\/www.kidscourage.de\/wp-content\/uploads\/2022\/04\/icon_3_zu_28-1024x740.png 1024w, https:\/\/www.kidscourage.de\/wp-content\/uploads\/2022\/04\/icon_3_zu_28-300x217.png 300w, https:\/\/www.kidscourage.de\/wp-content\/uploads\/2022\/04\/icon_3_zu_28-768x555.png 768w, https:\/\/www.kidscourage.de\/wp-content\/uploads\/2022\/04\/icon_3_zu_28.png 1417w\" sizes=\"auto, (max-width: 1024px) 100vw, 1024px\" \/>\t\t\t\t\t<\/a>\n\t\t\t\t\t\t\t<\/div>\n\t\t\t\t\t\t<h6 class=\"uagb-post__title uagb-post__text\">\n\t\t\t\t<a href=\"https:\/\/www.kidscourage.de\/index.php\/2021\/04\/13\/projekttag-f\/\" target=\"_self\" rel=\"bookmark noopener noreferrer\">Projekttag F &#8211; \u201eF\u00fcr Kinderrechte\u201c<\/a>\n\t\t\t<\/h6>\n\t\t\t\t\t\t<div class='uagb-post__text uagb-post-grid-byline'>\n\t\t\t\t\t\t\t<\/div>\n\t\t\t\t\t\t\t<div class='uagb-post__text uagb-post__excerpt'>\n\t\t\t\t\t<p>Auf spielerische Art &amp; Weise lernen die Sch\u00fcler*innen nicht nur ihre Rechte und die UN&#8230;\t\t\t\t<\/div>\n\t\t\t\t\t\t<div class=\"uagb-post__text uagb-post__cta wp-block-button\">\n\t\t\t\t<a class=\"wp-block-button__link uagb-text-link\" style=\"\" href=\"https:\/\/www.kidscourage.de\/index.php\/2021\/04\/13\/projekttag-f\/\" target=\"_self\" rel=\"bookmark noopener noreferrer\">Weiterlesen<\/a>\n\t\t\t<\/div>\n\t\t\t\n\t\t\t\t\t\t\t\t\t<\/article>\n\t\t\t\t\t\t\t\t\t\t\t\t\t\t\t\t<article class=\"uagb-post__inner-wrap\">\t\t\t\t\t\t\t\t<div class='uagb-post__image'>\n\t\t\t\t\t\t\t\t\t<a href=\"https:\/\/www.kidscourage.de\/index.php\/2021\/04\/13\/projekttag-e\/\" target=\"_self\" rel=\"bookmark noopener noreferrer\" class='uagb-image-ratio-inherit'><img loading=\"lazy\" decoding=\"async\" width=\"1024\" height=\"740\" src=\"https:\/\/www.kidscourage.de\/wp-content\/uploads\/2022\/04\/icon_3_zu_26-1024x740.png\" class=\"attachment-large size-large\" alt=\"\" srcset=\"https:\/\/www.kidscourage.de\/wp-content\/uploads\/2022\/04\/icon_3_zu_26-1024x740.png 1024w, https:\/\/www.kidscourage.de\/wp-content\/uploads\/2022\/04\/icon_3_zu_26-300x217.png 300w, https:\/\/www.kidscourage.de\/wp-content\/uploads\/2022\/04\/icon_3_zu_26-768x555.png 768w, https:\/\/www.kidscourage.de\/wp-content\/uploads\/2022\/04\/icon_3_zu_26.png 1417w\" sizes=\"auto, (max-width: 1024px) 100vw, 1024px\" \/>\t\t\t\t\t<\/a>\n\t\t\t\t\t\t\t<\/div>\n\t\t\t\t\t\t<h6 class=\"uagb-post__title uagb-post__text\">\n\t\t\t\t<a href=\"https:\/\/www.kidscourage.de\/index.php\/2021\/04\/13\/projekttag-e\/\" target=\"_self\" rel=\"bookmark noopener noreferrer\">Projekttag E &#8211; \u201eVielfalt lebt!\u201c<\/a>\n\t\t\t<\/h6>\n\t\t\t\t\t\t<div class='uagb-post__text uagb-post-grid-byline'>\n\t\t\t\t\t\t\t<\/div>\n\t\t\t\t\t\t\t<div class='uagb-post__text uagb-post__excerpt'>\n\t\t\t\t\t<p>Auf spielerische Art &amp; Weise wird den Sch\u00fcler*innen ihr Recht auf Nicht-Diskriminierung (Art.2) bewusstgemacht, indem&#8230;\t\t\t\t<\/div>\n\t\t\t\t\t\t<div class=\"uagb-post__text uagb-post__cta wp-block-button\">\n\t\t\t\t<a class=\"wp-block-button__link uagb-text-link\" style=\"\" href=\"https:\/\/www.kidscourage.de\/index.php\/2021\/04\/13\/projekttag-e\/\" target=\"_self\" rel=\"bookmark noopener noreferrer\">Weiterlesen<\/a>\n\t\t\t<\/div>\n\t\t\t\n\t\t\t\t\t\t\t\t\t<\/article>\n\t\t\t\t\t\t\t\t\t\t\t\t\t\t\t\t<article class=\"uagb-post__inner-wrap\">\t\t\t\t\t\t\t\t<div class='uagb-post__image'>\n\t\t\t\t\t\t\t\t\t<a href=\"https:\/\/www.kidscourage.de\/index.php\/2021\/04\/13\/projekttag-b\/\" target=\"_self\" rel=\"bookmark noopener noreferrer\" class='uagb-image-ratio-inherit'><img loading=\"lazy\" decoding=\"async\" width=\"1024\" height=\"740\" src=\"https:\/\/www.kidscourage.de\/wp-content\/uploads\/2022\/04\/icon_3_zu_23-1024x740.png\" class=\"attachment-large size-large\" alt=\"\" srcset=\"https:\/\/www.kidscourage.de\/wp-content\/uploads\/2022\/04\/icon_3_zu_23-1024x740.png 1024w, https:\/\/www.kidscourage.de\/wp-content\/uploads\/2022\/04\/icon_3_zu_23-300x217.png 300w, https:\/\/www.kidscourage.de\/wp-content\/uploads\/2022\/04\/icon_3_zu_23-768x555.png 768w, https:\/\/www.kidscourage.de\/wp-content\/uploads\/2022\/04\/icon_3_zu_23.png 1417w\" sizes=\"auto, (max-width: 1024px) 100vw, 1024px\" \/>\t\t\t\t\t<\/a>\n\t\t\t\t\t\t\t<\/div>\n\t\t\t\t\t\t<h6 class=\"uagb-post__title uagb-post__text\">\n\t\t\t\t<a href=\"https:\/\/www.kidscourage.de\/index.php\/2021\/04\/13\/projekttag-b\/\" target=\"_self\" rel=\"bookmark noopener noreferrer\">Projekttag B &#8211; \u201eKinder und Flucht\u201c<\/a>\n\t\t\t<\/h6>\n\t\t\t\t\t\t<div class='uagb-post__text uagb-post-grid-byline'>\n\t\t\t\t\t\t\t<\/div>\n\t\t\t\t\t\t\t<div class='uagb-post__text uagb-post__excerpt'>\n\t\t\t\t\t<p>Mit Bezug zu ihren eigenen Erfahrungen mit Situationen wie Umzug, Flucht oder Migration lernen die&#8230;\t\t\t\t<\/div>\n\t\t\t\t\t\t<div class=\"uagb-post__text uagb-post__cta wp-block-button\">\n\t\t\t\t<a class=\"wp-block-button__link uagb-text-link\" style=\"\" href=\"https:\/\/www.kidscourage.de\/index.php\/2021\/04\/13\/projekttag-b\/\" target=\"_self\" rel=\"bookmark noopener noreferrer\">Weiterlesen<\/a>\n\t\t\t<\/div>\n\t\t\t\n\t\t\t\t\t\t\t\t\t<\/article>\n\t\t\t\t\t\t\t\t\t\t\t\t\t\t\t\t<article class=\"uagb-post__inner-wrap\">\t\t\t\t\t\t\t\t<div class='uagb-post__image'>\n\t\t\t\t\t\t\t\t\t<a href=\"https:\/\/www.kidscourage.de\/index.php\/2021\/04\/13\/projekttag-a\/\" target=\"_self\" rel=\"bookmark noopener noreferrer\" class='uagb-image-ratio-inherit'><img loading=\"lazy\" decoding=\"async\" width=\"1024\" height=\"740\" src=\"https:\/\/www.kidscourage.de\/wp-content\/uploads\/2022\/04\/icon_3_zu_2-1024x740.png\" class=\"attachment-large size-large\" alt=\"\" srcset=\"https:\/\/www.kidscourage.de\/wp-content\/uploads\/2022\/04\/icon_3_zu_2-1024x740.png 1024w, https:\/\/www.kidscourage.de\/wp-content\/uploads\/2022\/04\/icon_3_zu_2-300x217.png 300w, https:\/\/www.kidscourage.de\/wp-content\/uploads\/2022\/04\/icon_3_zu_2-768x555.png 768w, https:\/\/www.kidscourage.de\/wp-content\/uploads\/2022\/04\/icon_3_zu_2.png 1417w\" sizes=\"auto, (max-width: 1024px) 100vw, 1024px\" \/>\t\t\t\t\t<\/a>\n\t\t\t\t\t\t\t<\/div>\n\t\t\t\t\t\t<h6 class=\"uagb-post__title uagb-post__text\">\n\t\t\t\t<a href=\"https:\/\/www.kidscourage.de\/index.php\/2021\/04\/13\/projekttag-a\/\" target=\"_self\" rel=\"bookmark noopener noreferrer\">Projekttag A &#8211; \u201eAnderssein gewinnt!\u201c<\/a>\n\t\t\t<\/h6>\n\t\t\t\t\t\t<div class='uagb-post__text uagb-post-grid-byline'>\n\t\t\t\t\t\t\t<\/div>\n\t\t\t\t\t\t\t<div class='uagb-post__text uagb-post__excerpt'>\n\t\t\t\t\t<p>Auf spielerische Art &amp; Weise wird den Sch\u00fcler*innen ihr Recht auf Nicht-Diskriminierung (Art. 2) bewusstgemacht,&#8230;\t\t\t\t<\/div>\n\t\t\t\t\t\t<div class=\"uagb-post__text uagb-post__cta wp-block-button\">\n\t\t\t\t<a class=\"wp-block-button__link uagb-text-link\" style=\"\" href=\"https:\/\/www.kidscourage.de\/index.php\/2021\/04\/13\/projekttag-a\/\" target=\"_self\" rel=\"bookmark noopener noreferrer\">Weiterlesen<\/a>\n\t\t\t<\/div>\n\t\t\t\n\t\t\t\t\t\t\t\t\t<\/article>\n\t\t\t\t\t\t\t\t\t\t\t<\/div>\n\t\t\t\n\n\n<div class=\"wp-block-buttons is-layout-flex wp-block-buttons-is-layout-flex\">\n<div class=\"wp-block-button is-style-outline is-style-outline--1\"><a class=\"wp-block-button__link\" href=\"https:\/\/kidscourage.de\/index.php\/projekttag-buchen\/\">Projekttag buchen<\/a><\/div>\n<\/div>\n","protected":false},"excerpt":{"rendered":"<p>KidsCourage kommt in Deine Klasse(n)! UNSERE PROJEKTTAGE Unsere Projekttage vermitteln den Grundsch\u00fcler*innen ihre Kinderrechte, wobei aber ihr besonderes Recht auf Nichtdiskriminierung (Artikel 2, UN-Kinderrechtskonvention) im Fokus steht. Die Projekttage best\u00e4rken die Kinder in ihrem&nbsp;Selbstbewusstsein, regen dazu an,&nbsp;Respekt f\u00fcr Vielfalt&nbsp;zu entwickeln, sensibilisieren sie f\u00fcr&nbsp;eigenes vorurteilsbehaftetes und diskriminierendes Verhalten&nbsp;und motivieren sie,&nbsp;gegen gesellschaftliche Ungleichbehandlung aktiv&nbsp;zu werden. So verl\u00e4uft [&hellip;]<\/p>\n","protected":false},"author":2,"featured_media":0,"parent":0,"menu_order":0,"comment_status":"closed","ping_status":"closed","template":"","meta":{"_uag_custom_page_level_css":"","footnotes":""},"class_list":["post-66","page","type-page","status-publish","hentry","entry"],"uagb_featured_image_src":{"full":false,"thumbnail":false,"medium":false,"medium_large":false,"large":false,"1536x1536":false,"2048x2048":false,"ocean-thumb-m":false,"ocean-thumb-ml":false,"ocean-thumb-l":false},"uagb_author_info":{"display_name":"courage-admin","author_link":"https:\/\/www.kidscourage.de\/index.php\/author\/courage-admin\/"},"uagb_comment_info":0,"uagb_excerpt":"KidsCourage kommt in Deine Klasse(n)! UNSERE PROJEKTTAGE Unsere Projekttage vermitteln den Grundsch\u00fcler*innen ihre Kinderrechte, wobei aber ihr besonderes Recht auf Nichtdiskriminierung (Artikel 2, UN-Kinderrechtskonvention) im Fokus steht. Die Projekttage best\u00e4rken die Kinder in ihrem&nbsp;Selbstbewusstsein, regen dazu an,&nbsp;Respekt f\u00fcr Vielfalt&nbsp;zu entwickeln, sensibilisieren sie f\u00fcr&nbsp;eigenes vorurteilsbehaftetes und diskriminierendes Verhalten&nbsp;und motivieren sie,&nbsp;gegen gesellschaftliche Ungleichbehandlung aktiv&nbsp;zu werden. So verl\u00e4uft&hellip;","_links":{"self":[{"href":"https:\/\/www.kidscourage.de\/index.php\/wp-json\/wp\/v2\/pages\/66","targetHints":{"allow":["GET"]}}],"collection":[{"href":"https:\/\/www.kidscourage.de\/index.php\/wp-json\/wp\/v2\/pages"}],"about":[{"href":"https:\/\/www.kidscourage.de\/index.php\/wp-json\/wp\/v2\/types\/page"}],"author":[{"embeddable":true,"href":"https:\/\/www.kidscourage.de\/index.php\/wp-json\/wp\/v2\/users\/2"}],"replies":[{"embeddable":true,"href":"https:\/\/www.kidscourage.de\/index.php\/wp-json\/wp\/v2\/comments?post=66"}],"version-history":[{"count":7,"href":"https:\/\/www.kidscourage.de\/index.php\/wp-json\/wp\/v2\/pages\/66\/revisions"}],"predecessor-version":[{"id":1698,"href":"https:\/\/www.kidscourage.de\/index.php\/wp-json\/wp\/v2\/pages\/66\/revisions\/1698"}],"wp:attachment":[{"href":"https:\/\/www.kidscourage.de\/index.php\/wp-json\/wp\/v2\/media?parent=66"}],"curies":[{"name":"wp","href":"https:\/\/api.w.org\/{rel}","templated":true}]}}