{"id":64,"date":"2021-04-13T16:38:10","date_gmt":"2021-04-13T14:38:10","guid":{"rendered":"https:\/\/kidscourage.de\/?page_id=64"},"modified":"2022-04-07T16:07:37","modified_gmt":"2022-04-07T14:07:37","slug":"kinder-haben-rechte","status":"publish","type":"page","link":"https:\/\/www.kidscourage.de\/index.php\/kinder-haben-rechte\/","title":{"rendered":"Kinder haben Rechte!"},"content":{"rendered":"\n<h1 class=\"wp-block-heading\">Kinder haben Rechte!<\/h1>\n\n\n\n<h4 class=\"wp-block-heading\">Kinderrechte als gesellschaftliche Aufgabe<\/h4>\n\n\n\n<p>Kinderrechte wurden beschlossen, um Kinder weltweit zu sch\u00fctzen und ihnen ein gutes und sch\u00f6nes Leben zu erm\u00f6glichen. Am 20. November 1989, also schon vor 30 Jahren, wurde auf Anregung der Regierung in Polen das \u00dcbereinkommen \u00fcber die Rechte des Kindes, kurz die UN-Kinderrechtskonvention, angenommen. 10 Jahre lang haben Politiker*innen aus fast allen L\u00e4ndern zusammen beraten, um diese zu schreiben. Diese Konvention regelt, was Kindern zusteht: also das, was sie bekommen, ohne, dass sie etwas daf\u00fcr tun m\u00fcssen. Vor allem regelt sie auch, was Politiker*innen in einem Land, Eltern sowie Sorgeberechtigten den Kindern geben m\u00fcssen und auch, was sie nicht tun d\u00fcrfen. In 54 Artikeln, und weiteren Artikeln in sp\u00e4ter hinzugef\u00fcgten Zusatzprotokollen, sind Rechte von Kindern aufgeschrieben. Jeder Artikel besch\u00e4ftigt sich mit verschiedenen Themen. In Artikel 2 zum Beispiel ist geregelt, dass die Kinderrechte f\u00fcr alle Kinder gelten und kein Kind diskriminiert werden darf. Auf dem Papier klingt das doch super \u2013 oder?<\/p>\n\n\n\n<figure class=\"wp-block-image size-full\"><img loading=\"lazy\" decoding=\"async\" width=\"2000\" height=\"800\" src=\"https:\/\/www.kidscourage.de\/wp-content\/uploads\/2022\/04\/22_04_01_illus12.png\" alt=\"\" class=\"wp-image-1459\" srcset=\"https:\/\/www.kidscourage.de\/wp-content\/uploads\/2022\/04\/22_04_01_illus12.png 2000w, https:\/\/www.kidscourage.de\/wp-content\/uploads\/2022\/04\/22_04_01_illus12-300x120.png 300w, https:\/\/www.kidscourage.de\/wp-content\/uploads\/2022\/04\/22_04_01_illus12-1024x410.png 1024w, https:\/\/www.kidscourage.de\/wp-content\/uploads\/2022\/04\/22_04_01_illus12-768x307.png 768w, https:\/\/www.kidscourage.de\/wp-content\/uploads\/2022\/04\/22_04_01_illus12-1536x614.png 1536w\" sizes=\"auto, (max-width: 2000px) 100vw, 2000px\" \/><\/figure>\n\n\n\n<h4 class=\"wp-block-heading\">Wie werden die Kinderrechte in Deutschland umgesetzt?<\/h4>\n\n\n\n<p>Diese Frage zu beantworten, ist leider nicht so einfach. Sie wurden zwar von fast allen L\u00e4ndern auf der Welt unterschrieben (nur nicht von den USA), es wurde aber nicht genug daf\u00fcr getan, dass die Kinderrechte in all diesen L\u00e4ndern auch durchgesetzt werden m\u00fcssen.<br><\/p>\n\n\n\n<p>Auch in Deutschland ist das ein Problem. Obwohl Deutschland die UN &#8211; Kinderrechtskonvention unterschrieben hat, werden die Kinderrechte hier nicht gen\u00fcgend umgesetzt und ber\u00fccksichtigt, auch wenn es oft so dargestellt wird. Au\u00dferdem sind Kinderrechte kein expliziter Bestandteil des Grundgesetzes, obwohl Deutschland mehrmals aufgefordert haben, Kinderrechten einen h\u00f6heren und wichtigeren Stellenwert beizumessen. Kein einziges Kinderrecht, wie zum Beispiel das Wohl des Kindes (Artikel 3), ist bisher ins Grundgesetz aufgenommen.<br><\/p>\n\n\n\n<p>Im Moment ist es so, dass die Kinderrechte nur als einfaches Bundesrecht in Deutschland gelten, weshalb sie bei der Rechtsprechung nur sehr schwer und auf komplizierte Weise mit einbezogen werden k\u00f6nnen. Wenn die Kinderrechte allerdings im Grundgesetz aufgeschrieben sind, dann w\u00e4ren Parlamente, Ministerien, Beh\u00f6rden und Gerichte daran gebunden, diese Kinderrechtsperspektive immer fr\u00fchzeitig mit zu bedenken. Seit vielen Jahren fordern verschiedene deutsche Kinderrechts-Organisationen wie das Deutsches Kinderhilfswerk, Unicef Deutschland, der Deutsche Kinderschutzbund in Kooperation mit der Deutschen Liga f\u00fcr das Kind, dass in Zukunft die UN-Kinderrechte in das deutsche Grundgesetz festgeschrieben werden. Das gilt insbesondere f\u00fcr das sogenannte \u201eKindeswohlprinzip\u201c und das \u201eBeteiligungsrecht\u201c. Ein Gesetzentwurf wurde schon formuliert, was vielleicht dazu f\u00fchren k\u00f6nnte, dass das Grundgesetz ge\u00e4ndert wird. Bis dahin arbeiten diese Kinderrechts-Organisationen daran, die Kinderrechte in Deutschland bekannt zu machen und sie durchzusetzen. Und Projekte wie KidsCourage arbeiten daran, die Kinderrechte auch bei Kindern und Jugendlichen bekannter zu machen.<\/p>\n\n\n\n<h4 class=\"wp-block-heading\">Warum ist es wichtig, sich mit den Kinderrechten zu besch\u00e4ftigen?<\/h4>\n\n\n\n<p><br>Zwischen Kindern und Erwachsenen herrscht ein Macht-Ungleichgewicht. Viele Menschen denken, dass Kinder Erwachsenen unterlegen sind und deshalb keine eigenen, ihren Bed\u00fcrfnissen entsprechende Rechte brauchen. Dabei ist genau das Gegenteil der Fall! Oft wird die Frage gestellt: Warum denn noch Kinderrechte, wenn es doch schon die Menschenrechte gibt? Tja, Kinder und Erwachsene haben eben nicht die gleichen Bed\u00fcrfnisse: Vor allem weil Kinder noch viel tiefer in ihrer Entwicklung stecken und ihr \u00dcberleben dadurch stark von Erwachsenen abh\u00e4ngig ist. Kinder d\u00fcrfen wenig \u00fcber ihr Leben entscheiden.<\/p>\n\n\n\n<p>Zum Beispiel k\u00f6nnen sie sich nicht aussuchen, wo sie wohnen wollen, sie d\u00fcrfen nicht w\u00e4hlen gehen, k\u00f6nnen nicht entscheiden, ob sie ein Geschwisterkind m\u00f6chten oder nicht, oder auf welche Schule sie gehen wollen. Kinder sind deutlich mehr von Gefahr und Ausbeutung bedroht. Deshalb brauchen wir f\u00fcr Kinder besondere Rechte, die daf\u00fcr sorgen, dass alle Kinder Schutz, F\u00fcrsorge, gen\u00fcgend Freizeit und Mitbestimmung genie\u00dfen k\u00f6nnen.<\/p>\n\n\n\n<h4 class=\"wp-block-heading\">Warum besch\u00e4ftigen wir uns bei KidsCourage mit den Kinderrechten?<\/h4>\n\n\n\n<p>Bei KidsCourage besch\u00e4ftigen wir uns mit Kinderrechten, weil es ein sehr wichtiges Thema ist. Kinderrechte gehen alle etwas an, aber viele Menschen &#8211; egal ob Kinder oder Erwachsene &#8211; wissen nicht gen\u00fcgend \u00fcber sie Bescheid. Gerade Deutschland stellt sich so dar und wird von vielen Menschen so gesehen, als h\u00e4tten hier lebende Kinder nichts, wor\u00fcber sie sich beschweren k\u00f6nnten. Gedanken und Aussagen dieser Art sind gef\u00e4hrlich und ein Problem, weil sie die allgegenw\u00e4rtigen und sehr schwierigen Lebensrealit\u00e4ten vieler Kinder in Deutschland ignorieren. Wenn so getan wird, als ob alle Kinderrechte in Deutschland eingehalten werden, ist es schwer f\u00fcr einzelne Kinder \u00fcber die Verletzung ihrer Rechte zu sprechen.<\/p>\n\n\n\n<h4 class=\"wp-block-heading\">Wie k\u00f6nnen Kinderrechte als Empowerment wirken?<\/h4>\n\n\n\n<p>Bei KidsCourage wollen wir Kinder dazu ermutigen, sich mehr mit Kinderrechten auseinander zu setzen. Es kann sehr empowernd  (ermutigend, erm\u00e4chtigend, in sich selbst zu best\u00e4rkend) sein herauszufinden, dass es offizielle Rechte gibt, die speziell die eigenen Bed\u00fcrfnisse und Grenzen sch\u00fctzen sollen und auf die Kinder auch selbst verweisen k\u00f6nnen. Dadurch, dass wir Kinderrechtsverletzungen wie Gewalt &amp; Diskriminierung thematisieren, ist es dann einfacher f\u00fcr sie, diese zu erkennen. So k\u00f6nnen Kinder Handlungen und Aussagen als verboten benennen, wenn diese Situationen in ihrem eigenen Alltag passieren. Das Erkennen und Worte-Finden f\u00fcr das, was passiert, sind grundlegend, um f\u00fcr sich selbst und f\u00fcreinander einstehen zu k\u00f6nnen. Und genau das ist ja, was wir uns am Ende des Projekttages oder auch innerhalb des Teams bei KidsCourage fragen: Was k\u00f6nnen wir tun, damit es allen gut geht, damit alle sie selbst sein k\u00f6nnen, ohne deshalb Nachteile zu erfahren?<\/p>\n\n\n\n<figure class=\"wp-block-image size-large\"><img loading=\"lazy\" decoding=\"async\" width=\"1024\" height=\"14\" src=\"https:\/\/kidscourage.de\/wp-content\/uploads\/2021\/05\/divider_tabelle_2-1024x14.png\" alt=\"\" class=\"wp-image-635\" srcset=\"https:\/\/www.kidscourage.de\/wp-content\/uploads\/2021\/05\/divider_tabelle_2-1024x14.png 1024w, https:\/\/www.kidscourage.de\/wp-content\/uploads\/2021\/05\/divider_tabelle_2-300x4.png 300w, https:\/\/www.kidscourage.de\/wp-content\/uploads\/2021\/05\/divider_tabelle_2-768x10.png 768w, https:\/\/www.kidscourage.de\/wp-content\/uploads\/2021\/05\/divider_tabelle_2-1536x20.png 1536w, https:\/\/www.kidscourage.de\/wp-content\/uploads\/2021\/05\/divider_tabelle_2-2048x27.png 2048w\" sizes=\"auto, (max-width: 1024px) 100vw, 1024px\" \/><\/figure>\n\n\n\n<p>Du m\u00f6chtest noch mehr \u00fcber die Arbeit zu Kinderrechten &amp; Antidiskriminierung kennenlernen? Du suchst empowerndes Lehrmaterial und Methoden, um mir Deinen Sch\u00fcler*innen zu arbeiten? Dann schau mal in unserer Rubrik Publikationen vorbei!<\/p>\n\n\n\n<div class=\"wp-block-buttons is-layout-flex wp-block-buttons-is-layout-flex\">\n<div class=\"wp-block-button is-style-outline is-style-outline--1\"><a class=\"wp-block-button__link\">zu Publikationen<\/a><\/div>\n<\/div>\n","protected":false},"excerpt":{"rendered":"<p>Kinder haben Rechte! Kinderrechte als gesellschaftliche Aufgabe Kinderrechte wurden beschlossen, um Kinder weltweit zu sch\u00fctzen und ihnen ein gutes und sch\u00f6nes Leben zu erm\u00f6glichen. Am 20. November 1989, also schon vor 30 Jahren, wurde auf Anregung der Regierung in Polen das \u00dcbereinkommen \u00fcber die Rechte des Kindes, kurz die UN-Kinderrechtskonvention, angenommen. 10 Jahre lang haben [&hellip;]<\/p>\n","protected":false},"author":2,"featured_media":0,"parent":0,"menu_order":0,"comment_status":"closed","ping_status":"closed","template":"","meta":{"_uag_custom_page_level_css":"","footnotes":""},"class_list":["post-64","page","type-page","status-publish","hentry","entry"],"uagb_featured_image_src":{"full":false,"thumbnail":false,"medium":false,"medium_large":false,"large":false,"1536x1536":false,"2048x2048":false,"ocean-thumb-m":false,"ocean-thumb-ml":false,"ocean-thumb-l":false},"uagb_author_info":{"display_name":"courage-admin","author_link":"https:\/\/www.kidscourage.de\/index.php\/author\/courage-admin\/"},"uagb_comment_info":0,"uagb_excerpt":"Kinder haben Rechte! Kinderrechte als gesellschaftliche Aufgabe Kinderrechte wurden beschlossen, um Kinder weltweit zu sch\u00fctzen und ihnen ein gutes und sch\u00f6nes Leben zu erm\u00f6glichen. Am 20. November 1989, also schon vor 30 Jahren, wurde auf Anregung der Regierung in Polen das \u00dcbereinkommen \u00fcber die Rechte des Kindes, kurz die UN-Kinderrechtskonvention, angenommen. 10 Jahre lang haben&hellip;","_links":{"self":[{"href":"https:\/\/www.kidscourage.de\/index.php\/wp-json\/wp\/v2\/pages\/64","targetHints":{"allow":["GET"]}}],"collection":[{"href":"https:\/\/www.kidscourage.de\/index.php\/wp-json\/wp\/v2\/pages"}],"about":[{"href":"https:\/\/www.kidscourage.de\/index.php\/wp-json\/wp\/v2\/types\/page"}],"author":[{"embeddable":true,"href":"https:\/\/www.kidscourage.de\/index.php\/wp-json\/wp\/v2\/users\/2"}],"replies":[{"embeddable":true,"href":"https:\/\/www.kidscourage.de\/index.php\/wp-json\/wp\/v2\/comments?post=64"}],"version-history":[{"count":3,"href":"https:\/\/www.kidscourage.de\/index.php\/wp-json\/wp\/v2\/pages\/64\/revisions"}],"predecessor-version":[{"id":1474,"href":"https:\/\/www.kidscourage.de\/index.php\/wp-json\/wp\/v2\/pages\/64\/revisions\/1474"}],"wp:attachment":[{"href":"https:\/\/www.kidscourage.de\/index.php\/wp-json\/wp\/v2\/media?parent=64"}],"curies":[{"name":"wp","href":"https:\/\/api.w.org\/{rel}","templated":true}]}}