{"id":60,"date":"2021-04-13T16:36:23","date_gmt":"2021-04-13T14:36:23","guid":{"rendered":"https:\/\/kidscourage.de\/?page_id=60"},"modified":"2022-04-07T16:05:48","modified_gmt":"2022-04-07T14:05:48","slug":"diskriminierung-melden","status":"publish","type":"page","link":"https:\/\/www.kidscourage.de\/index.php\/diskriminierung-melden\/","title":{"rendered":"Diskriminierung melden!"},"content":{"rendered":"\n<h1 class=\"wp-block-heading\">Diskriminierung melden!<\/h1>\n\n\n\n<figure class=\"wp-block-image size-full\"><img loading=\"lazy\" decoding=\"async\" width=\"2000\" height=\"800\" src=\"https:\/\/www.kidscourage.de\/wp-content\/uploads\/2022\/04\/22_04_01_illus2.png\" alt=\"\" class=\"wp-image-1463\" srcset=\"https:\/\/www.kidscourage.de\/wp-content\/uploads\/2022\/04\/22_04_01_illus2.png 2000w, https:\/\/www.kidscourage.de\/wp-content\/uploads\/2022\/04\/22_04_01_illus2-300x120.png 300w, https:\/\/www.kidscourage.de\/wp-content\/uploads\/2022\/04\/22_04_01_illus2-1024x410.png 1024w, https:\/\/www.kidscourage.de\/wp-content\/uploads\/2022\/04\/22_04_01_illus2-768x307.png 768w, https:\/\/www.kidscourage.de\/wp-content\/uploads\/2022\/04\/22_04_01_illus2-1536x614.png 1536w\" sizes=\"auto, (max-width: 2000px) 100vw, 2000px\" \/><\/figure>\n\n\n\n<p>In deiner Klasse bzw. in deiner Schule gab es einen diskriminierenden Vorfall und du wei\u00dft nicht, an wen du dich wenden kannst? Du beobachtest Mobbing und suchst Ansprechpartner*innen, die dir weiterhelfen k\u00f6nnen?<\/p>\n\n\n\n<h4 class=\"wp-block-heading\">KiDs &#8211; Kinder vor Diskriminierung sch\u00fctzen<\/h4>\n\n\n\n<p>Wir arbeiten mit KiDs zusammen. KiDs bedueute &#8222;Kinder vor Diskriminierung sch\u00fctzen&#8220;. KiDs bietet in Berlin Beratung und Begleitung in Diskriminierungsf\u00e4llen an, die Kinder im Alter von 0 bis 12 Jahren passieren.<\/p>\n\n\n\n<p>Wenn du selbst Diskriminierung erlebt hast, oder mitbekommst, dass andere Kinder diskriminiert werden kannst du dich an unsere Freund*innen von KiDs wenden.<\/p>\n\n\n\n<p>Es kostet nichts, wenn du dort anrufst. Die Menschen, die sich um dich k\u00fcmmern, oder die Schule wird nicht ohne deine Zustimmung informiert. <\/p>\n\n\n\n<p>KiDs beratet in den Sprachen Deutsch, T\u00fcrkisch, Englisch und Spanisch. F\u00fcr andere Sprachen k\u00f6nnen Menschen gerufen werden, die \u00fcbersetzen k\u00f6nnen.<\/p>\n\n\n\n<p>Wenn du dich an KiDs wenden m\u00f6chtest, kannst du dort mit Laila Iraki sprechen. Leila ber\u00e4t Kinder, die in die Grundschule gehen. Laila`s Nummer lautet: <\/p>\n\n\n\n<p>(0)30 80 20 63 23<\/p>\n\n\n\n<p><a href=\"mailto:laila.iraki@kinderwelten.net\">laila.iraki@kinderwelten.net<\/a><\/p>\n\n\n\n<figure class=\"wp-block-image size-large\"><img loading=\"lazy\" decoding=\"async\" width=\"1024\" height=\"14\" src=\"https:\/\/kidscourage.de\/wp-content\/uploads\/2021\/05\/divider_tabelle_2-1024x14.png\" alt=\"\" class=\"wp-image-635\" srcset=\"https:\/\/www.kidscourage.de\/wp-content\/uploads\/2021\/05\/divider_tabelle_2-1024x14.png 1024w, https:\/\/www.kidscourage.de\/wp-content\/uploads\/2021\/05\/divider_tabelle_2-300x4.png 300w, https:\/\/www.kidscourage.de\/wp-content\/uploads\/2021\/05\/divider_tabelle_2-768x10.png 768w, https:\/\/www.kidscourage.de\/wp-content\/uploads\/2021\/05\/divider_tabelle_2-1536x20.png 1536w, https:\/\/www.kidscourage.de\/wp-content\/uploads\/2021\/05\/divider_tabelle_2-2048x27.png 2048w\" sizes=\"auto, (max-width: 1024px) 100vw, 1024px\" \/><\/figure>\n\n\n\n<h4 class=\"wp-block-heading\">Weitere Beratungsstellen<\/h4>\n\n\n\n<p>Hier findest du weitere Kontakt- und Beratungsstellen, die dir bei verschiedenen Problemen weiterhelfen k\u00f6nnen:<\/p>\n\n\n\n\t\t\t<div class=\"wp-block-uagb-post-masonry uagb-post-grid  uagb-post__image-position-top uagb-post__image-enabled uagb-block-61426f15     uagb-post__items uagb-post__columns-2 is-masonry uagb-post__columns-tablet-2 uagb-post__columns-mobile-1\" data-total=\"1\" style=\"\">\n\n\t\t\t\t\t\t\t\t\t\t\t\t<article class=\"uagb-post__inner-wrap\">\t\t\t\t\t\t\t\t<div class='uagb-post__image'>\n\t\t\t\t\t\t\t\t\t<a href=\"https:\/\/www.kidscourage.de\/index.php\/2022\/02\/27\/nummer-gegen-kummer\/\" target=\"_self\" rel=\"bookmark noopener noreferrer\"><img loading=\"lazy\" decoding=\"async\" width=\"1000\" height=\"400\" src=\"https:\/\/www.kidscourage.de\/wp-content\/uploads\/2022\/02\/22_13_16_post_header16.png\" class=\"attachment-large size-large\" alt=\"\" srcset=\"https:\/\/www.kidscourage.de\/wp-content\/uploads\/2022\/02\/22_13_16_post_header16.png 1000w, https:\/\/www.kidscourage.de\/wp-content\/uploads\/2022\/02\/22_13_16_post_header16-300x120.png 300w, https:\/\/www.kidscourage.de\/wp-content\/uploads\/2022\/02\/22_13_16_post_header16-768x307.png 768w\" sizes=\"auto, (max-width: 1000px) 100vw, 1000px\" \/>\t\t\t\t\t<\/a>\n\t\t\t\t\t\t\t\t\t<\/div>\n\t\t\t\t\t\t<h6 class=\"uagb-post__title uagb-post__text\">\n\t\t\t\t<a href=\"https:\/\/www.kidscourage.de\/index.php\/2022\/02\/27\/nummer-gegen-kummer\/\" target=\"_self\" rel=\"bookmark noopener noreferrer\">Nummer gegen Kummer<\/a>\n\t\t\t<\/h6>\n\t\t\t\t\t\t<div class='uagb-post__text uagb-post-grid-byline'>\n\t\t\t\t\t\t\t<\/div>\n\t\t\t\t\t\t\t<div class='uagb-post__text uagb-post__excerpt'>\n\t\t\t\t\t<p>Die \u201eNummer gegen Kummer\u201c steht Dir bei Problemen zur Seite. Egal was dich bedr\u00fcckt. Wenn&#8230;\t\t\t\t<\/div>\n\t\t\t\t\t\t<div class=\"uagb-post__text uagb-post__cta wp-block-button\">\n\t\t\t\t<a class=\"wp-block-button__link uagb-text-link\" style=\"\" href=\"https:\/\/www.kidscourage.de\/index.php\/2022\/02\/27\/nummer-gegen-kummer\/\" target=\"_self\" rel=\"bookmark noopener noreferrer\">Weiterlesen<\/a>\n\t\t\t<\/div>\n\t\t\t\n\t\t\t\t\t\t\t\t\t<\/article>\n\t\t\t\t\t\t\t\t\t\t\t\t\t\t\t\t<article class=\"uagb-post__inner-wrap\">\t\t\t\t\t\t\t\t<div class='uagb-post__image'>\n\t\t\t\t\t\t\t\t\t<a href=\"https:\/\/www.kidscourage.de\/index.php\/2022\/02\/27\/wir-sind-heldinnen-unsere-geschichten\/\" target=\"_self\" rel=\"bookmark noopener noreferrer\"><img loading=\"lazy\" decoding=\"async\" width=\"1000\" height=\"400\" src=\"https:\/\/www.kidscourage.de\/wp-content\/uploads\/2022\/02\/22_13_16_post_header18.png\" class=\"attachment-large size-large\" alt=\"\" srcset=\"https:\/\/www.kidscourage.de\/wp-content\/uploads\/2022\/02\/22_13_16_post_header18.png 1000w, https:\/\/www.kidscourage.de\/wp-content\/uploads\/2022\/02\/22_13_16_post_header18-300x120.png 300w, https:\/\/www.kidscourage.de\/wp-content\/uploads\/2022\/02\/22_13_16_post_header18-768x307.png 768w\" sizes=\"auto, (max-width: 1000px) 100vw, 1000px\" \/>\t\t\t\t\t<\/a>\n\t\t\t\t\t\t\t\t\t<\/div>\n\t\t\t\t\t\t<h6 class=\"uagb-post__title uagb-post__text\">\n\t\t\t\t<a href=\"https:\/\/www.kidscourage.de\/index.php\/2022\/02\/27\/wir-sind-heldinnen-unsere-geschichten\/\" target=\"_self\" rel=\"bookmark noopener noreferrer\">ADAS<\/a>\n\t\t\t<\/h6>\n\t\t\t\t\t\t<div class='uagb-post__text uagb-post-grid-byline'>\n\t\t\t\t\t\t\t<\/div>\n\t\t\t\t\t\t\t<div class='uagb-post__text uagb-post__excerpt'>\n\t\t\t\t\t<p>Du erlebst Diskriminierung an deiner Schule. Melde dich bei&nbsp;ADAS, der Anlaufstelle f\u00fcr Diskriminierungschutz an Schulen&#8230;.\t\t\t\t<\/div>\n\t\t\t\t\t\t<div class=\"uagb-post__text uagb-post__cta wp-block-button\">\n\t\t\t\t<a class=\"wp-block-button__link uagb-text-link\" style=\"\" href=\"https:\/\/www.kidscourage.de\/index.php\/2022\/02\/27\/wir-sind-heldinnen-unsere-geschichten\/\" target=\"_self\" rel=\"bookmark noopener noreferrer\">Weiterlesen<\/a>\n\t\t\t<\/div>\n\t\t\t\n\t\t\t\t\t\t\t\t\t<\/article>\n\t\t\t\t\t\t\t\t\t\t\t\t\t\t\t\t<article class=\"uagb-post__inner-wrap\">\t\t\t\t\t\t\t\t<div class='uagb-post__image'>\n\t\t\t\t\t\t\t\t\t<a href=\"https:\/\/www.kidscourage.de\/index.php\/2022\/02\/27\/kindernotdienst-berlin\/\" target=\"_self\" rel=\"bookmark noopener noreferrer\"><img loading=\"lazy\" decoding=\"async\" width=\"1000\" height=\"400\" src=\"https:\/\/www.kidscourage.de\/wp-content\/uploads\/2022\/02\/22_13_16_post_header17.png\" class=\"attachment-large size-large\" alt=\"\" srcset=\"https:\/\/www.kidscourage.de\/wp-content\/uploads\/2022\/02\/22_13_16_post_header17.png 1000w, https:\/\/www.kidscourage.de\/wp-content\/uploads\/2022\/02\/22_13_16_post_header17-300x120.png 300w, https:\/\/www.kidscourage.de\/wp-content\/uploads\/2022\/02\/22_13_16_post_header17-768x307.png 768w\" sizes=\"auto, (max-width: 1000px) 100vw, 1000px\" \/>\t\t\t\t\t<\/a>\n\t\t\t\t\t\t\t\t\t<\/div>\n\t\t\t\t\t\t<h6 class=\"uagb-post__title uagb-post__text\">\n\t\t\t\t<a href=\"https:\/\/www.kidscourage.de\/index.php\/2022\/02\/27\/kindernotdienst-berlin\/\" target=\"_self\" rel=\"bookmark noopener noreferrer\">Kindernotdienst Berlin<\/a>\n\t\t\t<\/h6>\n\t\t\t\t\t\t<div class='uagb-post__text uagb-post-grid-byline'>\n\t\t\t\t\t\t\t<\/div>\n\t\t\t\t\t\t\t<div class='uagb-post__text uagb-post__excerpt'>\n\t\t\t\t\t<p>Der Kindernotdienst hilft Kindern und Jugendlichen in Krisensituationen. Wenn es dir schlecht geht, wenn du&#8230;\t\t\t\t<\/div>\n\t\t\t\t\t\t<div class=\"uagb-post__text uagb-post__cta wp-block-button\">\n\t\t\t\t<a class=\"wp-block-button__link uagb-text-link\" style=\"\" href=\"https:\/\/www.kidscourage.de\/index.php\/2022\/02\/27\/kindernotdienst-berlin\/\" target=\"_self\" rel=\"bookmark noopener noreferrer\">Weiterlesen<\/a>\n\t\t\t<\/div>\n\t\t\t\n\t\t\t\t\t\t\t\t\t<\/article>\n\t\t\t\t\t\t\t\t\t\t\t<\/div>\n\t\t\t","protected":false},"excerpt":{"rendered":"<p>Diskriminierung melden! In deiner Klasse bzw. in deiner Schule gab es einen diskriminierenden Vorfall und du wei\u00dft nicht, an wen du dich wenden kannst? Du beobachtest Mobbing und suchst Ansprechpartner*innen, die dir weiterhelfen k\u00f6nnen? KiDs &#8211; Kinder vor Diskriminierung sch\u00fctzen Wir arbeiten mit KiDs zusammen. KiDs bedueute &#8222;Kinder vor Diskriminierung sch\u00fctzen&#8220;. KiDs bietet in Berlin [&hellip;]<\/p>\n","protected":false},"author":2,"featured_media":0,"parent":0,"menu_order":0,"comment_status":"closed","ping_status":"closed","template":"","meta":{"_uag_custom_page_level_css":"","footnotes":""},"class_list":["post-60","page","type-page","status-publish","hentry","entry"],"uagb_featured_image_src":{"full":false,"thumbnail":false,"medium":false,"medium_large":false,"large":false,"1536x1536":false,"2048x2048":false,"ocean-thumb-m":false,"ocean-thumb-ml":false,"ocean-thumb-l":false},"uagb_author_info":{"display_name":"courage-admin","author_link":"https:\/\/www.kidscourage.de\/index.php\/author\/courage-admin\/"},"uagb_comment_info":0,"uagb_excerpt":"Diskriminierung melden! In deiner Klasse bzw. in deiner Schule gab es einen diskriminierenden Vorfall und du wei\u00dft nicht, an wen du dich wenden kannst? Du beobachtest Mobbing und suchst Ansprechpartner*innen, die dir weiterhelfen k\u00f6nnen? KiDs &#8211; Kinder vor Diskriminierung sch\u00fctzen Wir arbeiten mit KiDs zusammen. KiDs bedueute &#8222;Kinder vor Diskriminierung sch\u00fctzen&#8220;. KiDs bietet in Berlin&hellip;","_links":{"self":[{"href":"https:\/\/www.kidscourage.de\/index.php\/wp-json\/wp\/v2\/pages\/60","targetHints":{"allow":["GET"]}}],"collection":[{"href":"https:\/\/www.kidscourage.de\/index.php\/wp-json\/wp\/v2\/pages"}],"about":[{"href":"https:\/\/www.kidscourage.de\/index.php\/wp-json\/wp\/v2\/types\/page"}],"author":[{"embeddable":true,"href":"https:\/\/www.kidscourage.de\/index.php\/wp-json\/wp\/v2\/users\/2"}],"replies":[{"embeddable":true,"href":"https:\/\/www.kidscourage.de\/index.php\/wp-json\/wp\/v2\/comments?post=60"}],"version-history":[{"count":4,"href":"https:\/\/www.kidscourage.de\/index.php\/wp-json\/wp\/v2\/pages\/60\/revisions"}],"predecessor-version":[{"id":1472,"href":"https:\/\/www.kidscourage.de\/index.php\/wp-json\/wp\/v2\/pages\/60\/revisions\/1472"}],"wp:attachment":[{"href":"https:\/\/www.kidscourage.de\/index.php\/wp-json\/wp\/v2\/media?parent=60"}],"curies":[{"name":"wp","href":"https:\/\/api.w.org\/{rel}","templated":true}]}}