{"id":32,"date":"2021-04-13T15:56:13","date_gmt":"2021-04-13T13:56:13","guid":{"rendered":"https:\/\/kidscourage.de\/?page_id=32"},"modified":"2022-04-07T16:13:09","modified_gmt":"2022-04-07T14:13:09","slug":"kidscourage-fuer-teamerinnen","status":"publish","type":"page","link":"https:\/\/www.kidscourage.de\/index.php\/kidscourage-fuer-teamerinnen\/","title":{"rendered":"f\u00fcr Teamer*innen"},"content":{"rendered":"\n<h1 class=\"wp-block-heading\">KidsCourage f\u00fcr Teamer*innen<\/h1>\n\n\n\n<p>Willkommen auf unserer Webseite f\u00fcr Teamer*innen! Damit sind junge Menschen gemeint, die schon in unserem tollen Projekt aktiv sind und diejenigen, die es noch werden m\u00f6chten.<\/p>\n\n\n\n<p>Hier findet ihr Informationen zu anstehenden Terminen im Projekt und wichtigen Informationen, die f\u00fcr euch als angehende oder bestehende Teamer*innen wichtig sein k\u00f6nnten.<\/p>\n\n\n\n<p>Au\u00dferdem bekommt ihr hier die M\u00f6glichkeit, Erfahrungsberichte von Teamer*innen zu lesen, die schon im Projekt aktiv sind. Auch findet ihr Informationen zu unserem Tr\u00e4gerverband die Falken LV Berlin und ihrem Teampool und die M\u00f6glichkeit, auch in anderen Projekten und Angeboten der Falken LV Berlin aktiv zu werden.<\/p>\n\n\n\n<figure class=\"wp-block-image size-full\"><img loading=\"lazy\" decoding=\"async\" width=\"2000\" height=\"800\" src=\"https:\/\/www.kidscourage.de\/wp-content\/uploads\/2022\/04\/22_04_01_illus12.png\" alt=\"\" class=\"wp-image-1459\" srcset=\"https:\/\/www.kidscourage.de\/wp-content\/uploads\/2022\/04\/22_04_01_illus12.png 2000w, https:\/\/www.kidscourage.de\/wp-content\/uploads\/2022\/04\/22_04_01_illus12-300x120.png 300w, https:\/\/www.kidscourage.de\/wp-content\/uploads\/2022\/04\/22_04_01_illus12-1024x410.png 1024w, https:\/\/www.kidscourage.de\/wp-content\/uploads\/2022\/04\/22_04_01_illus12-768x307.png 768w, https:\/\/www.kidscourage.de\/wp-content\/uploads\/2022\/04\/22_04_01_illus12-1536x614.png 1536w\" sizes=\"auto, (max-width: 2000px) 100vw, 2000px\" \/><\/figure>\n\n\n\n<figure class=\"wp-block-image size-large\"><img loading=\"lazy\" decoding=\"async\" width=\"1024\" height=\"14\" src=\"https:\/\/kidscourage.de\/wp-content\/uploads\/2021\/05\/divider_tabelle_2-1024x14.png\" alt=\"\" class=\"wp-image-635\" srcset=\"https:\/\/www.kidscourage.de\/wp-content\/uploads\/2021\/05\/divider_tabelle_2-1024x14.png 1024w, https:\/\/www.kidscourage.de\/wp-content\/uploads\/2021\/05\/divider_tabelle_2-300x4.png 300w, https:\/\/www.kidscourage.de\/wp-content\/uploads\/2021\/05\/divider_tabelle_2-768x10.png 768w, https:\/\/www.kidscourage.de\/wp-content\/uploads\/2021\/05\/divider_tabelle_2-1536x20.png 1536w, https:\/\/www.kidscourage.de\/wp-content\/uploads\/2021\/05\/divider_tabelle_2-2048x27.png 2048w\" sizes=\"auto, (max-width: 1024px) 100vw, 1024px\" \/><\/figure>\n\n\n\n<h4 class=\"wp-block-heading\">Termine<\/h4>\n\n\n\n<p>Du hast Lust als Teamer*in bei KidsCourage aktiv zu werden, oder bist schon aktiv dabei? M\u00f6chtest du einen \u00dcberblick \u00fcber unsere anstehende Termine behalten? Dann schaue die unsere Blogposts mit den neusten Terminen &amp; Neuigkeiten im Projekt an!<a href=\"https:\/\/kidscourage.de\/index.php\/2022\/03\/16\/information-falken-berlin\/\"><\/a><\/p>\n\n\n\n\t\t\t<div class=\"wp-block-uagb-post-masonry uagb-post-grid  uagb-post__image-position-top uagb-post__image-enabled uagb-block-1a36f3f9     uagb-post__items uagb-post__columns-3 is-masonry uagb-post__columns-tablet-2 uagb-post__columns-mobile-1\" data-total=\"3\" style=\"\">\n\n\t\t\t\t\t\t\t\t\t\t\t\t<article class=\"uagb-post__inner-wrap\">\t\t\t\t\t\t\t\t<div class='uagb-post__image'>\n\t\t\t\t\t\t\t\t\t<a href=\"https:\/\/www.kidscourage.de\/index.php\/2024\/02\/01\/stellenausschreibung-mini-job-2\/\" target=\"_self\" rel=\"bookmark noopener noreferrer\"><img loading=\"lazy\" decoding=\"async\" width=\"1024\" height=\"478\" src=\"https:\/\/www.kidscourage.de\/wp-content\/uploads\/2023\/02\/stellenasuschfreingn-1024x478.png\" class=\"attachment-large size-large\" alt=\"\" srcset=\"https:\/\/www.kidscourage.de\/wp-content\/uploads\/2023\/02\/stellenasuschfreingn-1024x478.png 1024w, https:\/\/www.kidscourage.de\/wp-content\/uploads\/2023\/02\/stellenasuschfreingn-300x140.png 300w, https:\/\/www.kidscourage.de\/wp-content\/uploads\/2023\/02\/stellenasuschfreingn-768x358.png 768w, https:\/\/www.kidscourage.de\/wp-content\/uploads\/2023\/02\/stellenasuschfreingn-1536x717.png 1536w, https:\/\/www.kidscourage.de\/wp-content\/uploads\/2023\/02\/stellenasuschfreingn-2048x955.png 2048w\" sizes=\"auto, (max-width: 1024px) 100vw, 1024px\" \/>\t\t\t\t\t<\/a>\n\t\t\t\t\t\t\t\t\t<\/div>\n\t\t\t\t\t\t<h6 class=\"uagb-post__title uagb-post__text\">\n\t\t\t\t<a href=\"https:\/\/www.kidscourage.de\/index.php\/2024\/02\/01\/stellenausschreibung-mini-job-2\/\" target=\"_self\" rel=\"bookmark noopener noreferrer\">Stellenausschreibung (Mini-Job)<\/a>\n\t\t\t<\/h6>\n\t\t\t\t\t\t<div class='uagb-post__text uagb-post-grid-byline'>\n\t\t\t\t\t\t\t<\/div>\n\t\t\t\t\t\t\t<div class='uagb-post__text uagb-post__excerpt'>\n\t\t\t\t\t<p>MINI-JOB \u2013 BEFRISTET BIS 31.12.2024 MIT AUSSICHT AUF VERL\u00c4NGERUNG KidsCourage sucht eine Projektmitarbeiter:in auf Mini-Job-Basis&#8230;\t\t\t\t<\/div>\n\t\t\t\t\t\t<div class=\"uagb-post__text uagb-post__cta wp-block-button\">\n\t\t\t\t<a class=\"wp-block-button__link uagb-text-link\" style=\"\" href=\"https:\/\/www.kidscourage.de\/index.php\/2024\/02\/01\/stellenausschreibung-mini-job-2\/\" target=\"_self\" rel=\"bookmark noopener noreferrer\">Weiterlesen<\/a>\n\t\t\t<\/div>\n\t\t\t\n\t\t\t\t\t\t\t\t\t<\/article>\n\t\t\t\t\t\t\t\t\t\t\t\t\t\t\t\t<article class=\"uagb-post__inner-wrap\">\t\t\t\t\t\t\t\t<div class='uagb-post__image'>\n\t\t\t\t\t\t\t\t\t<a href=\"https:\/\/www.kidscourage.de\/index.php\/2023\/09\/28\/stellenausschreibung-mini-job\/\" target=\"_self\" rel=\"bookmark noopener noreferrer\"><img loading=\"lazy\" decoding=\"async\" width=\"1024\" height=\"478\" src=\"https:\/\/www.kidscourage.de\/wp-content\/uploads\/2023\/02\/stellenasuschfreingn-1024x478.png\" class=\"attachment-large size-large\" alt=\"\" srcset=\"https:\/\/www.kidscourage.de\/wp-content\/uploads\/2023\/02\/stellenasuschfreingn-1024x478.png 1024w, https:\/\/www.kidscourage.de\/wp-content\/uploads\/2023\/02\/stellenasuschfreingn-300x140.png 300w, https:\/\/www.kidscourage.de\/wp-content\/uploads\/2023\/02\/stellenasuschfreingn-768x358.png 768w, https:\/\/www.kidscourage.de\/wp-content\/uploads\/2023\/02\/stellenasuschfreingn-1536x717.png 1536w, https:\/\/www.kidscourage.de\/wp-content\/uploads\/2023\/02\/stellenasuschfreingn-2048x955.png 2048w\" sizes=\"auto, (max-width: 1024px) 100vw, 1024px\" \/>\t\t\t\t\t<\/a>\n\t\t\t\t\t\t\t\t\t<\/div>\n\t\t\t\t\t\t<h6 class=\"uagb-post__title uagb-post__text\">\n\t\t\t\t<a href=\"https:\/\/www.kidscourage.de\/index.php\/2023\/09\/28\/stellenausschreibung-mini-job\/\" target=\"_self\" rel=\"bookmark noopener noreferrer\">Stellenausschreibung (Mini-Job)<\/a>\n\t\t\t<\/h6>\n\t\t\t\t\t\t<div class='uagb-post__text uagb-post-grid-byline'>\n\t\t\t\t\t\t\t<\/div>\n\t\t\t\t\t\t\t<div class='uagb-post__text uagb-post__excerpt'>\n\t\t\t\t\t<p>MINI-JOB \u2013 BEFRISTET BIS 31.12.2023 MIT AUSSICHT AUF VERL\u00c4NGERUNG KidsCourage sucht eine Projektmitarbeiter:in auf Mini-Job-Basis&#8230;\t\t\t\t<\/div>\n\t\t\t\t\t\t<div class=\"uagb-post__text uagb-post__cta wp-block-button\">\n\t\t\t\t<a class=\"wp-block-button__link uagb-text-link\" style=\"\" href=\"https:\/\/www.kidscourage.de\/index.php\/2023\/09\/28\/stellenausschreibung-mini-job\/\" target=\"_self\" rel=\"bookmark noopener noreferrer\">Weiterlesen<\/a>\n\t\t\t<\/div>\n\t\t\t\n\t\t\t\t\t\t\t\t\t<\/article>\n\t\t\t\t\t\t\t\t\t\t\t\t\t\t\t\t<article class=\"uagb-post__inner-wrap\">\t\t\t\t\t\t\t\t<h6 class=\"uagb-post__title uagb-post__text\">\n\t\t\t\t<a href=\"https:\/\/www.kidscourage.de\/index.php\/2022\/08\/18\/teamfahrt-2022\/\" target=\"_self\" rel=\"bookmark noopener noreferrer\">Termin: Teamfahrt zum Thema &#8222;Einf\u00fchrung Projekttag A &#038; Adultismus&#8220;<\/a>\n\t\t\t<\/h6>\n\t\t\t\t\t\t<div class='uagb-post__text uagb-post-grid-byline'>\n\t\t\t\t\t\t\t<\/div>\n\t\t\t\t\t\t\t<div class='uagb-post__text uagb-post__excerpt'>\n\t\t\t\t\t<p>Um was geht\u00b4s? Methodenschulung Projekttag A &#8222;Anderssein gewinnt!&#8220; Vom 21.-23. Oktober 2022 m\u00f6chten wir euch&#8230;\t\t\t\t<\/div>\n\t\t\t\t\t\t<div class=\"uagb-post__text uagb-post__cta wp-block-button\">\n\t\t\t\t<a class=\"wp-block-button__link uagb-text-link\" style=\"\" href=\"https:\/\/www.kidscourage.de\/index.php\/2022\/08\/18\/teamfahrt-2022\/\" target=\"_self\" rel=\"bookmark noopener noreferrer\">Weiterlesen<\/a>\n\t\t\t<\/div>\n\t\t\t\n\t\t\t\t\t\t\t\t\t<\/article>\n\t\t\t\t\t\t\t\t\t\t\t<\/div>\n\t\t\t\n\n\n<div class=\"wp-block-buttons is-layout-flex wp-block-buttons-is-layout-flex\">\n<div class=\"wp-block-button is-style-outline is-style-outline--1\"><a class=\"wp-block-button__link\" href=\"https:\/\/kidscourage.de\/index.php\/termine-neuigkeiten\/\">zu allen Terminen und News<\/a><\/div>\n<\/div>\n\n\n\n<p><\/p>\n","protected":false},"excerpt":{"rendered":"<p>KidsCourage f\u00fcr Teamer*innen Willkommen auf unserer Webseite f\u00fcr Teamer*innen! Damit sind junge Menschen gemeint, die schon in unserem tollen Projekt aktiv sind und diejenigen, die es noch werden m\u00f6chten. Hier findet ihr Informationen zu anstehenden Terminen im Projekt und wichtigen Informationen, die f\u00fcr euch als angehende oder bestehende Teamer*innen wichtig sein k\u00f6nnten. Au\u00dferdem bekommt ihr [&hellip;]<\/p>\n","protected":false},"author":2,"featured_media":0,"parent":0,"menu_order":0,"comment_status":"closed","ping_status":"closed","template":"","meta":{"_uag_custom_page_level_css":"","footnotes":""},"class_list":["post-32","page","type-page","status-publish","hentry","entry"],"uagb_featured_image_src":{"full":false,"thumbnail":false,"medium":false,"medium_large":false,"large":false,"1536x1536":false,"2048x2048":false,"ocean-thumb-m":false,"ocean-thumb-ml":false,"ocean-thumb-l":false},"uagb_author_info":{"display_name":"courage-admin","author_link":"https:\/\/www.kidscourage.de\/index.php\/author\/courage-admin\/"},"uagb_comment_info":0,"uagb_excerpt":"KidsCourage f\u00fcr Teamer*innen Willkommen auf unserer Webseite f\u00fcr Teamer*innen! Damit sind junge Menschen gemeint, die schon in unserem tollen Projekt aktiv sind und diejenigen, die es noch werden m\u00f6chten. Hier findet ihr Informationen zu anstehenden Terminen im Projekt und wichtigen Informationen, die f\u00fcr euch als angehende oder bestehende Teamer*innen wichtig sein k\u00f6nnten. Au\u00dferdem bekommt ihr&hellip;","_links":{"self":[{"href":"https:\/\/www.kidscourage.de\/index.php\/wp-json\/wp\/v2\/pages\/32","targetHints":{"allow":["GET"]}}],"collection":[{"href":"https:\/\/www.kidscourage.de\/index.php\/wp-json\/wp\/v2\/pages"}],"about":[{"href":"https:\/\/www.kidscourage.de\/index.php\/wp-json\/wp\/v2\/types\/page"}],"author":[{"embeddable":true,"href":"https:\/\/www.kidscourage.de\/index.php\/wp-json\/wp\/v2\/users\/2"}],"replies":[{"embeddable":true,"href":"https:\/\/www.kidscourage.de\/index.php\/wp-json\/wp\/v2\/comments?post=32"}],"version-history":[{"count":6,"href":"https:\/\/www.kidscourage.de\/index.php\/wp-json\/wp\/v2\/pages\/32\/revisions"}],"predecessor-version":[{"id":1480,"href":"https:\/\/www.kidscourage.de\/index.php\/wp-json\/wp\/v2\/pages\/32\/revisions\/1480"}],"wp:attachment":[{"href":"https:\/\/www.kidscourage.de\/index.php\/wp-json\/wp\/v2\/media?parent=32"}],"curies":[{"name":"wp","href":"https:\/\/api.w.org\/{rel}","templated":true}]}}