{"id":24,"date":"2021-04-13T15:49:45","date_gmt":"2021-04-13T13:49:45","guid":{"rendered":"https:\/\/kidscourage.de\/?page_id=24"},"modified":"2022-05-12T11:57:18","modified_gmt":"2022-05-12T09:57:18","slug":"kidscourage-fuer-kids","status":"publish","type":"page","link":"https:\/\/www.kidscourage.de\/index.php\/kidscourage-fuer-kids\/","title":{"rendered":"f\u00fcr Kids"},"content":{"rendered":"\n<h1 class=\"wp-block-heading\">KidsCourage f\u00fcr Kids!<\/h1>\n\n\n\n<p>Sch\u00f6n, dass du auf unserer Webseite f\u00fcr Kids gelandet bist! Hier findest alle Informationen rund um unserer Projekt KidsCourage &#8211; f\u00fcr Kinderrechte. Du hast dich gefragt, was eigentlich Kinderrechte sind oder was wir in unseren Projekttagen mit euch machen? Hier findest du alle Informationen dazu. <\/p>\n\n\n\n<p>Viel Spa\u00df beim Lesen und st\u00f6bern.<\/p>\n\n\n\n<figure class=\"wp-block-image size-large\"><img loading=\"lazy\" decoding=\"async\" width=\"1024\" height=\"14\" src=\"https:\/\/kidscourage.de\/wp-content\/uploads\/2021\/05\/divider_tabelle_2-1024x14.png\" alt=\"\" class=\"wp-image-635\" srcset=\"https:\/\/www.kidscourage.de\/wp-content\/uploads\/2021\/05\/divider_tabelle_2-1024x14.png 1024w, https:\/\/www.kidscourage.de\/wp-content\/uploads\/2021\/05\/divider_tabelle_2-300x4.png 300w, https:\/\/www.kidscourage.de\/wp-content\/uploads\/2021\/05\/divider_tabelle_2-768x10.png 768w, https:\/\/www.kidscourage.de\/wp-content\/uploads\/2021\/05\/divider_tabelle_2-1536x20.png 1536w, https:\/\/www.kidscourage.de\/wp-content\/uploads\/2021\/05\/divider_tabelle_2-2048x27.png 2048w\" sizes=\"auto, (max-width: 1024px) 100vw, 1024px\" \/><\/figure>\n\n\n\n<h4 class=\"wp-block-heading\">Was ist KidsCourage?<\/h4>\n\n\n\n<figure class=\"wp-block-image size-full\"><img loading=\"lazy\" decoding=\"async\" width=\"2000\" height=\"800\" src=\"https:\/\/www.kidscourage.de\/wp-content\/uploads\/2022\/04\/22_04_01_illus2.png\" alt=\"Eine Illustration eines Kindes. Das Kind tr\u00e4gt eine lila Latzhose und hat am rechten Arm einen Gips. Der Arm wird gehalten durch eine Armschlinge, die hellblau ist. Das Kind tr\u00e4gt ein gr\u00fcn-gelb gestreiftes T-Shirt. Neben dem Kind ist eine Sprechblase in der &quot;Kinder haben das Recht sich alle Informationen zu beschaffen, die sie brauchen, und diese zu verbreiten.\" class=\"wp-image-1463\" srcset=\"https:\/\/www.kidscourage.de\/wp-content\/uploads\/2022\/04\/22_04_01_illus2.png 2000w, https:\/\/www.kidscourage.de\/wp-content\/uploads\/2022\/04\/22_04_01_illus2-300x120.png 300w, https:\/\/www.kidscourage.de\/wp-content\/uploads\/2022\/04\/22_04_01_illus2-1024x410.png 1024w, https:\/\/www.kidscourage.de\/wp-content\/uploads\/2022\/04\/22_04_01_illus2-768x307.png 768w, https:\/\/www.kidscourage.de\/wp-content\/uploads\/2022\/04\/22_04_01_illus2-1536x614.png 1536w\" sizes=\"auto, (max-width: 2000px) 100vw, 2000px\" \/><\/figure>\n\n\n\n<p>\u201eKidsCourage- f\u00fcr Kinderrechte\u201c ist ein Projekt, das in Grundschulen kommt und mit euch \u00fcber eure Kinderrechte und Gleichberechtigung spricht. <\/p>\n\n\n\n<div class=\"wp-block-buttons is-layout-flex wp-block-buttons-is-layout-flex\">\n<div class=\"wp-block-button is-style-outline is-style-outline--1\"><a class=\"wp-block-button__link\">weiterlesen<\/a><\/div>\n<\/div>\n\n\n\n<p><\/p>\n\n\n\n<figure class=\"wp-block-image size-large\"><img loading=\"lazy\" decoding=\"async\" width=\"1024\" height=\"14\" src=\"https:\/\/kidscourage.de\/wp-content\/uploads\/2021\/05\/divider_tabelle_2-1024x14.png\" alt=\"\" class=\"wp-image-635\" srcset=\"https:\/\/www.kidscourage.de\/wp-content\/uploads\/2021\/05\/divider_tabelle_2-1024x14.png 1024w, https:\/\/www.kidscourage.de\/wp-content\/uploads\/2021\/05\/divider_tabelle_2-300x4.png 300w, https:\/\/www.kidscourage.de\/wp-content\/uploads\/2021\/05\/divider_tabelle_2-768x10.png 768w, https:\/\/www.kidscourage.de\/wp-content\/uploads\/2021\/05\/divider_tabelle_2-1536x20.png 1536w, https:\/\/www.kidscourage.de\/wp-content\/uploads\/2021\/05\/divider_tabelle_2-2048x27.png 2048w\" sizes=\"auto, (max-width: 1024px) 100vw, 1024px\" \/><\/figure>\n\n\n\n<h4 class=\"wp-block-heading\">Infos f\u00fcr Kids!<\/h4>\n\n\n\n<p>Damit du dich \u00fcber deine Rechte informieren kannst, haben wir einige tolle Internetseiten zusammengestellt, die du besuchen kannst. Hier findest du Informationen zu den Kinderrechten, coolen Aktionen, die anstehen und an denen du teilnehmen k\u00f6nntest.<\/p>\n\n\n\n\t\t\t<div class=\"wp-block-uagb-post-masonry uagb-post-grid  uagb-post__image-position-top uagb-post__image-enabled uagb-block-d938b523     uagb-post__items uagb-post__columns-3 is-masonry uagb-post__columns-tablet-2 uagb-post__columns-mobile-1\" data-total=\"2\" style=\"\">\n\n\t\t\t\t\t\t\t\t\t\t\t\t<article class=\"uagb-post__inner-wrap\">\t\t\t\t\t\t\t\t<div class='uagb-post__image'>\n\t\t\t\t\t\t\t\t\t<a href=\"https:\/\/www.kidscourage.de\/index.php\/2022\/02\/27\/wer-sind-die-falken-berlin\/\" target=\"_self\" rel=\"bookmark noopener noreferrer\"><img loading=\"lazy\" decoding=\"async\" width=\"1000\" height=\"400\" src=\"https:\/\/www.kidscourage.de\/wp-content\/uploads\/2022\/02\/22_13_16_post_header15.png\" class=\"attachment-large size-large\" alt=\"\" srcset=\"https:\/\/www.kidscourage.de\/wp-content\/uploads\/2022\/02\/22_13_16_post_header15.png 1000w, https:\/\/www.kidscourage.de\/wp-content\/uploads\/2022\/02\/22_13_16_post_header15-300x120.png 300w, https:\/\/www.kidscourage.de\/wp-content\/uploads\/2022\/02\/22_13_16_post_header15-768x307.png 768w\" sizes=\"auto, (max-width: 1000px) 100vw, 1000px\" \/>\t\t\t\t\t<\/a>\n\t\t\t\t\t\t\t\t\t<\/div>\n\t\t\t\t\t\t<h6 class=\"uagb-post__title uagb-post__text\">\n\t\t\t\t<a href=\"https:\/\/www.kidscourage.de\/index.php\/2022\/02\/27\/wer-sind-die-falken-berlin\/\" target=\"_self\" rel=\"bookmark noopener noreferrer\">Wer sind die Falken Berlin?<\/a>\n\t\t\t<\/h6>\n\t\t\t\t\t\t<div class='uagb-post__text uagb-post-grid-byline'>\n\t\t\t\t\t\t\t<\/div>\n\t\t\t\t\t\t\t<div class='uagb-post__text uagb-post__excerpt'>\n\t\t\t\t\t<p>KidsCourage ist ein Projekt der Falken Berlin. Das ist ein Kinder- und Jugendverband der f\u00fcr&#8230;\t\t\t\t<\/div>\n\t\t\t\t\t\t<div class=\"uagb-post__text uagb-post__cta wp-block-button\">\n\t\t\t\t<a class=\"wp-block-button__link uagb-text-link\" style=\"\" href=\"https:\/\/www.kidscourage.de\/index.php\/2022\/02\/27\/wer-sind-die-falken-berlin\/\" target=\"_self\" rel=\"bookmark noopener noreferrer\">Weiterlesen<\/a>\n\t\t\t<\/div>\n\t\t\t\n\t\t\t\t\t\t\t\t\t<\/article>\n\t\t\t\t\t\t\t\t\t\t\t\t\t\t\t\t<article class=\"uagb-post__inner-wrap\">\t\t\t\t\t\t\t\t<div class='uagb-post__image'>\n\t\t\t\t\t\t\t\t\t<a href=\"https:\/\/www.kidscourage.de\/index.php\/2022\/02\/27\/nummer-gegen-kummer\/\" target=\"_self\" rel=\"bookmark noopener noreferrer\"><img loading=\"lazy\" decoding=\"async\" width=\"1000\" height=\"400\" src=\"https:\/\/www.kidscourage.de\/wp-content\/uploads\/2022\/02\/22_13_16_post_header16.png\" class=\"attachment-large size-large\" alt=\"\" srcset=\"https:\/\/www.kidscourage.de\/wp-content\/uploads\/2022\/02\/22_13_16_post_header16.png 1000w, https:\/\/www.kidscourage.de\/wp-content\/uploads\/2022\/02\/22_13_16_post_header16-300x120.png 300w, https:\/\/www.kidscourage.de\/wp-content\/uploads\/2022\/02\/22_13_16_post_header16-768x307.png 768w\" sizes=\"auto, (max-width: 1000px) 100vw, 1000px\" \/>\t\t\t\t\t<\/a>\n\t\t\t\t\t\t\t\t\t<\/div>\n\t\t\t\t\t\t<h6 class=\"uagb-post__title uagb-post__text\">\n\t\t\t\t<a href=\"https:\/\/www.kidscourage.de\/index.php\/2022\/02\/27\/nummer-gegen-kummer\/\" target=\"_self\" rel=\"bookmark noopener noreferrer\">Nummer gegen Kummer<\/a>\n\t\t\t<\/h6>\n\t\t\t\t\t\t<div class='uagb-post__text uagb-post-grid-byline'>\n\t\t\t\t\t\t\t<\/div>\n\t\t\t\t\t\t\t<div class='uagb-post__text uagb-post__excerpt'>\n\t\t\t\t\t<p>Die \u201eNummer gegen Kummer\u201c steht Dir bei Problemen zur Seite. Egal was dich bedr\u00fcckt. Wenn&#8230;\t\t\t\t<\/div>\n\t\t\t\t\t\t<div class=\"uagb-post__text uagb-post__cta wp-block-button\">\n\t\t\t\t<a class=\"wp-block-button__link uagb-text-link\" style=\"\" href=\"https:\/\/www.kidscourage.de\/index.php\/2022\/02\/27\/nummer-gegen-kummer\/\" target=\"_self\" rel=\"bookmark noopener noreferrer\">Weiterlesen<\/a>\n\t\t\t<\/div>\n\t\t\t\n\t\t\t\t\t\t\t\t\t<\/article>\n\t\t\t\t\t\t\t\t\t\t\t\t\t\t\t\t<article class=\"uagb-post__inner-wrap\">\t\t\t\t\t\t\t\t<div class='uagb-post__image'>\n\t\t\t\t\t\t\t\t\t<a href=\"https:\/\/www.kidscourage.de\/index.php\/2022\/02\/27\/wir-sind-heldinnen-unsere-geschichten\/\" target=\"_self\" rel=\"bookmark noopener noreferrer\"><img loading=\"lazy\" decoding=\"async\" width=\"1000\" height=\"400\" src=\"https:\/\/www.kidscourage.de\/wp-content\/uploads\/2022\/02\/22_13_16_post_header18.png\" class=\"attachment-large size-large\" alt=\"\" srcset=\"https:\/\/www.kidscourage.de\/wp-content\/uploads\/2022\/02\/22_13_16_post_header18.png 1000w, https:\/\/www.kidscourage.de\/wp-content\/uploads\/2022\/02\/22_13_16_post_header18-300x120.png 300w, https:\/\/www.kidscourage.de\/wp-content\/uploads\/2022\/02\/22_13_16_post_header18-768x307.png 768w\" sizes=\"auto, (max-width: 1000px) 100vw, 1000px\" \/>\t\t\t\t\t<\/a>\n\t\t\t\t\t\t\t\t\t<\/div>\n\t\t\t\t\t\t<h6 class=\"uagb-post__title uagb-post__text\">\n\t\t\t\t<a href=\"https:\/\/www.kidscourage.de\/index.php\/2022\/02\/27\/wir-sind-heldinnen-unsere-geschichten\/\" target=\"_self\" rel=\"bookmark noopener noreferrer\">ADAS<\/a>\n\t\t\t<\/h6>\n\t\t\t\t\t\t<div class='uagb-post__text uagb-post-grid-byline'>\n\t\t\t\t\t\t\t<\/div>\n\t\t\t\t\t\t\t<div class='uagb-post__text uagb-post__excerpt'>\n\t\t\t\t\t<p>Du erlebst Diskriminierung an deiner Schule. Melde dich bei&nbsp;ADAS, der Anlaufstelle f\u00fcr Diskriminierungschutz an Schulen&#8230;.\t\t\t\t<\/div>\n\t\t\t\t\t\t<div class=\"uagb-post__text uagb-post__cta wp-block-button\">\n\t\t\t\t<a class=\"wp-block-button__link uagb-text-link\" style=\"\" href=\"https:\/\/www.kidscourage.de\/index.php\/2022\/02\/27\/wir-sind-heldinnen-unsere-geschichten\/\" target=\"_self\" rel=\"bookmark noopener noreferrer\">Weiterlesen<\/a>\n\t\t\t<\/div>\n\t\t\t\n\t\t\t\t\t\t\t\t\t<\/article>\n\t\t\t\t\t\t\t\t\t\t\t<\/div>\n\t\t\t\n\n\n<div class=\"wp-block-buttons is-layout-flex wp-block-buttons-is-layout-flex\">\n<div class=\"wp-block-button is-style-outline is-style-outline--2\"><a class=\"wp-block-button__link\" href=\"https:\/\/kidscourage.de\/index.php\/infos-fuer-kids\/\">zu allen Infos<\/a><\/div>\n<\/div>\n","protected":false},"excerpt":{"rendered":"<p>KidsCourage f\u00fcr Kids! Sch\u00f6n, dass du auf unserer Webseite f\u00fcr Kids gelandet bist! Hier findest alle Informationen rund um unserer Projekt KidsCourage &#8211; f\u00fcr Kinderrechte. Du hast dich gefragt, was eigentlich Kinderrechte sind oder was wir in unseren Projekttagen mit euch machen? Hier findest du alle Informationen dazu. Viel Spa\u00df beim Lesen und st\u00f6bern. Was [&hellip;]<\/p>\n","protected":false},"author":2,"featured_media":0,"parent":0,"menu_order":0,"comment_status":"closed","ping_status":"closed","template":"","meta":{"_uag_custom_page_level_css":"","footnotes":""},"class_list":["post-24","page","type-page","status-publish","hentry","entry"],"uagb_featured_image_src":{"full":false,"thumbnail":false,"medium":false,"medium_large":false,"large":false,"1536x1536":false,"2048x2048":false,"ocean-thumb-m":false,"ocean-thumb-ml":false,"ocean-thumb-l":false},"uagb_author_info":{"display_name":"courage-admin","author_link":"https:\/\/www.kidscourage.de\/index.php\/author\/courage-admin\/"},"uagb_comment_info":0,"uagb_excerpt":"KidsCourage f\u00fcr Kids! Sch\u00f6n, dass du auf unserer Webseite f\u00fcr Kids gelandet bist! Hier findest alle Informationen rund um unserer Projekt KidsCourage &#8211; f\u00fcr Kinderrechte. Du hast dich gefragt, was eigentlich Kinderrechte sind oder was wir in unseren Projekttagen mit euch machen? Hier findest du alle Informationen dazu. Viel Spa\u00df beim Lesen und st\u00f6bern. Was&hellip;","_links":{"self":[{"href":"https:\/\/www.kidscourage.de\/index.php\/wp-json\/wp\/v2\/pages\/24","targetHints":{"allow":["GET"]}}],"collection":[{"href":"https:\/\/www.kidscourage.de\/index.php\/wp-json\/wp\/v2\/pages"}],"about":[{"href":"https:\/\/www.kidscourage.de\/index.php\/wp-json\/wp\/v2\/types\/page"}],"author":[{"embeddable":true,"href":"https:\/\/www.kidscourage.de\/index.php\/wp-json\/wp\/v2\/users\/2"}],"replies":[{"embeddable":true,"href":"https:\/\/www.kidscourage.de\/index.php\/wp-json\/wp\/v2\/comments?post=24"}],"version-history":[{"count":7,"href":"https:\/\/www.kidscourage.de\/index.php\/wp-json\/wp\/v2\/pages\/24\/revisions"}],"predecessor-version":[{"id":1642,"href":"https:\/\/www.kidscourage.de\/index.php\/wp-json\/wp\/v2\/pages\/24\/revisions\/1642"}],"wp:attachment":[{"href":"https:\/\/www.kidscourage.de\/index.php\/wp-json\/wp\/v2\/media?parent=24"}],"curies":[{"name":"wp","href":"https:\/\/api.w.org\/{rel}","templated":true}]}}